{"id":514,"date":"2025-06-27T19:33:03","date_gmt":"2025-06-27T19:33:03","guid":{"rendered":"https:\/\/www.lidar.com.br\/?page_id=514"},"modified":"2025-06-27T19:35:39","modified_gmt":"2025-06-27T19:35:39","slug":"anos-2025","status":"publish","type":"page","link":"https:\/\/www.lidar.com.br\/?page_id=514","title":{"rendered":"Anos 2025"},"content":{"rendered":"\n<p><strong>2025 <\/strong>&#8211; A empresa Hexagon Leica Geosystems integrou o mais recente sensor IMX811 da Sony no sistema de LiDAR Topogr\u00e1fico Leica Terrainmapper-3, aprimorando os recursos de coleta de imagens do sistema. Esse desenvolvimento \u00e9 poss\u00edvel pelo novo m\u00f3dulo da c\u00e2mera Leica MFC250, projetado para maximizar o desempenho do sensor IMX811. (57)<\/p>\n\n\n\n<p><strong>2025<\/strong> &#8211; A Yellowscan, uma fornecedora global de solu\u00e7\u00f5es LiDAR em UAV se uniu ao fabricante de drones Argosdyne em uma parceria estrat\u00e9gica focada na EasyMypper Drone Series, que agora recebeu oficialmente a cobi\u00e7ada Certifica\u00e7\u00e3o da Classe C2 pela Ag\u00eancia de Seguran\u00e7a da Avia\u00e7\u00e3o da Uni\u00e3o Europeia (EASA). (58)<\/p>\n\n\n\n<p><strong>2025 <\/strong>&#8211; O blog LiDAR News apresenta um artigo que foi escrito em colabora\u00e7\u00e3o com Iain Clarke, engenheiro s\u00eanior de produtos da Oxford Technical Solutions (Oxts) para melhor entendimento do papel cr\u00edtico do sistema de navega\u00e7\u00e3o inercial (INS) em LiDAR. O Sr Iain Clarke \u00e9 especialista em navega\u00e7\u00e3o inercial, fus\u00e3o de sensores e tecnologias avan\u00e7adas de localiza\u00e7\u00e3o. (59)<\/p>\n","protected":false},"excerpt":{"rendered":"<p>2025 &#8211; A empresa Hexagon Leica Geosystems integrou o mais recente sensor IMX811 da Sony no sistema de LiDAR Topogr\u00e1fico Leica Terrainmapper-3, aprimorando os recursos de coleta de imagens do sistema. Esse desenvolvimento \u00e9 poss\u00edvel pelo novo m\u00f3dulo da c\u00e2mera Leica MFC250, projetado para maximizar o desempenho do sensor IMX811. (57) 2025 &#8211; A Yellowscan, &hellip; <\/p>\n<p class=\"link-more\"><a href=\"https:\/\/www.lidar.com.br\/?page_id=514\" class=\"more-link\">Continue lendo<span class=\"screen-reader-text\"> &#8220;Anos 2025&#8221;<\/span><\/a><\/p>\n","protected":false},"author":1,"featured_media":0,"parent":308,"menu_order":12,"comment_status":"closed","ping_status":"closed","template":"","meta":{"saved_in_kubio":false,"_themeisle_gutenberg_block_has_review":false,"footnotes":""},"class_list":["post-514","page","type-page","status-publish","hentry"],"kubio_ai_page_context":{"short_desc":"","purpose":"general"},"_links":{"self":[{"href":"https:\/\/www.lidar.com.br\/index.php?rest_route=\/wp\/v2\/pages\/514","targetHints":{"allow":["GET"]}}],"collection":[{"href":"https:\/\/www.lidar.com.br\/index.php?rest_route=\/wp\/v2\/pages"}],"about":[{"href":"https:\/\/www.lidar.com.br\/index.php?rest_route=\/wp\/v2\/types\/page"}],"author":[{"embeddable":true,"href":"https:\/\/www.lidar.com.br\/index.php?rest_route=\/wp\/v2\/users\/1"}],"replies":[{"embeddable":true,"href":"https:\/\/www.lidar.com.br\/index.php?rest_route=%2Fwp%2Fv2%2Fcomments&post=514"}],"version-history":[{"count":2,"href":"https:\/\/www.lidar.com.br\/index.php?rest_route=\/wp\/v2\/pages\/514\/revisions"}],"predecessor-version":[{"id":518,"href":"https:\/\/www.lidar.com.br\/index.php?rest_route=\/wp\/v2\/pages\/514\/revisions\/518"}],"up":[{"embeddable":true,"href":"https:\/\/www.lidar.com.br\/index.php?rest_route=\/wp\/v2\/pages\/308"}],"wp:attachment":[{"href":"https:\/\/www.lidar.com.br\/index.php?rest_route=%2Fwp%2Fv2%2Fmedia&parent=514"}],"curies":[{"name":"wp","href":"https:\/\/api.w.org\/{rel}","templated":true}]}}