{"id":45,"date":"2025-06-17T14:04:05","date_gmt":"2025-06-17T14:04:05","guid":{"rendered":"http:\/\/192.168.1.3:1080\/?page_id=45"},"modified":"2025-06-27T18:39:03","modified_gmt":"2025-06-27T18:39:03","slug":"programas","status":"publish","type":"page","link":"https:\/\/www.lidar.com.br\/?page_id=45","title":{"rendered":"Programas"},"content":{"rendered":"\n<p>H\u00e1 uma variedade de programas para tratamento de dados LiDAR que se distribuem em solu\u00e7\u00f5es propriet\u00e1rias, programas comerciais, extens\u00f5es que operam suportados por programas convencionas de CAD ou SIG, bibliotecas especializadas e programas de c\u00f3digo aberto.<\/p>\n\n\n\n<p>N\u00e3o h\u00e1 como estabelecer um melhor programa para dados LiDAR, uma vez que depende da aceita\u00e7\u00e3o do usu\u00e1rio e da quantidade de recursos que demanda este mesmo usu\u00e1rio. Encontra-se aqui um resumo destes programas e bibliotecas na inten\u00e7\u00e3o de exemplificar esta variedade dispon\u00edvel.<\/p>\n\n\n\n<figure class=\"wp-block-table is-style-stripes\"><table class=\"has-fixed-layout\"><tbody><tr><td><strong>ArcGIS \u2013 LiDAR<\/strong><\/td><td>O&nbsp;<strong>ArcGIS<\/strong>&nbsp;\u00e9 um programa bem conhecido na \u00e1rea de SIG (Sistemas de Informa\u00e7\u00e3o Geogr\u00e1fica) &nbsp;e possui ferramentas avan\u00e7adas para as nuvens de pontos LiDAR. As ferramentas ajudam a fazer an\u00e1lises avan\u00e7adas, tomar decis\u00f5es e utiliz\u00e1-las para pesquisa cient\u00edfica. A revista ESRI tem um t\u00f3pico interessante sobre como trabalhar com o LIDAR, em&nbsp;<strong><a href=\"http:\/\/www.esri.com\/esri-news\/arcuser\/summer-2013\/5-ways-to-use-lidar-more-efficiently\" target=\"_blank\" rel=\"noreferrer noopener\"><em>5 Ways to Use Lidar More Efficiently<\/em><\/a>&nbsp;.<\/strong>\u00c9 poss\u00edvel encontrar explica\u00e7\u00f5es detalhadas sobre o uso de LiDAR no ArcGIS em&nbsp;<strong><a href=\"https:\/\/desktop.arcgis.com\/en\/arcmap\/10.3\/manage-data\/las-dataset\/using-lidar-in-arcgis.htm\" target=\"_blank\" rel=\"noreferrer noopener\"><em>Using lidar in ArcGIS.<\/em><\/a><\/strong><\/td><\/tr><tr><td><strong>AutoCad Map \u2013 LiDAR Tools<\/strong><\/td><td>O programa\u00a0<a href=\"https:\/\/www.autodesk.com\/\" target=\"_blank\" rel=\"noreferrer noopener\"><strong>AutoCAD Map 3D<\/strong>\u00a0<\/a>possui recursos inclu\u00eddos que podem processar dados LIDAR. Ele usa o m\u00e9todo de indexa\u00e7\u00e3o nos dados da nuvem de pontos, o que facilita o carregamento e a realiza\u00e7\u00e3o de an\u00e1lises.<\/td><\/tr><tr><td><strong>BCAL LiDAR Tools<\/strong><\/td><td>O&nbsp;<a href=\"https:\/\/github.com\/bcal-lidar\/tools\/wiki\/Installation\" target=\"_blank\" rel=\"noreferrer noopener\"><strong>BCAL LiDAR Tools<\/strong>&nbsp;<\/a>\u00e9 um conjunto de ferramentas de c\u00f3digo aberto desenvolvida pela Idaho State University, do Boise Center Aerospace Laboratory (BCAL). Essas ferramentas podem ser usadas para processar, analisar e visualizar dados LiDAR. As ferramentas s\u00e3o escritas em linguagem de programa\u00e7\u00e3o IDL e devem ser usados \u200b\u200bcomo complemento no pacote de software de sensoriamento remoto ENVI.<\/td><\/tr><tr><td><strong>CloudCompare<\/strong><\/td><td>O programa<a href=\"http:\/\/www.cloudcompare.org\/\" target=\"_blank\" rel=\"noreferrer noopener\">&nbsp;<strong>CloudCompare<\/strong>&nbsp;<\/a>\u00e9 um aplicativo de c\u00f3digo aberto para processamento de nuvem de ponto 3D e TIN (Triangle Irregular Network). Ele foi originalmente projetado para realizar a compara\u00e7\u00e3o entre duas nuvens de pontos 3D (como as adquiridas com um escaner LASER) ou entre uma nuvem de pontos e uma malha triangular. Posteriormente, passou a ser um programa de processamento de nuvem 3D mais gen\u00e9rico, incluindo algoritmos avan\u00e7ados (registro, reamostragem, manipula\u00e7\u00e3o de campos de cor\/normal\/escalar, c\u00e1lculo de estat\u00edsticas, gerenciamento de sensores, segmenta\u00e7\u00e3o autom\u00e1tica, etc.).<\/td><\/tr><tr><td><strong>FME Suite<\/strong><\/td><td>A su\u00edte&nbsp;<a href=\"https:\/\/fme.safe.com\/platform\/\" target=\"_blank\" rel=\"noreferrer noopener\"><strong>FME<\/strong>&nbsp;<\/a>conhecido como&nbsp;<em>Feature Manipulation Engine<\/em>&nbsp;possui centenas de ferramentas para transforma\u00e7\u00e3o de dados. Algumas das ferramentas s\u00e3o usadas para os dados da nuvem de pontos LiDAR. O FME oferece a capacidade de selecionar os dados por meio de transformadores para juntar, cortar, refinar, dividir e filtrar nuvens de pontos. Permite gerar modelos de superf\u00edcie ou terreno, TIN, a partir de um conjunto de dados de nuvem de pontos. Transforma dados ponto a ponto com base na classifica\u00e7\u00e3o, intensidade, cor entre outras.<\/td><\/tr><tr><td><strong>Fugro Viewer<\/strong><\/td><td>O programa&nbsp;<a href=\"https:\/\/www.fugro.com\/expertise\/other-expertise\/fugroviewer\" target=\"_blank\" rel=\"noreferrer noopener\"><strong>FugroViewer<\/strong>&nbsp;<\/a>\u00e9 um aplicativo gr\u00e1tis projetado para uso com dados LiDAR e outros conjuntos de dados geoespaciais baseados em raster e vetor, incluindo dados de fontes fotogram\u00e9tricas e IFSAR.<strong>&nbsp;<\/strong><\/td><\/tr><tr><td><strong>Global Mapper<\/strong><\/td><td>O&nbsp;<a href=\"http:\/\/www.bluemarblegeo.com\/products\/global-mapper-lidar.php\" target=\"_blank\" rel=\"noreferrer noopener\"><strong>Global Mapper<\/strong><\/a>&nbsp;\u00e9 um programa para convers\u00e3o e manipula\u00e7\u00e3o de dados de diversas extens\u00f5es. Atualmente possui uma extens\u00e3o para nuvem de pontos LIDAR denominada LiDAR Module que possibilita a manipula\u00e7\u00e3o deste tipo de pontos LASER. Este programa tamb\u00e9m trabalha com vetores oriundos do AutoCad, Microstation, ArcGis ou Mapinfo possibilitando convers\u00f5es al\u00e9m de manipular imagens georreferenciadas. Gera superf\u00edcies como MDE ou MDT, curvas de n\u00edvel, an\u00e1lise temporal, extra\u00e7\u00e3o de fei\u00e7\u00f5es, se\u00e7\u00f5es transversais, superf\u00edcies de drenagem, etc.<\/td><\/tr><tr><td><strong>GRASS \u2013 LiDAR Tools<\/strong><\/td><td><a href=\"http:\/\/grasswiki.osgeo.org\/wiki\/LIDAR\" target=\"_blank\" rel=\"noreferrer noopener\"><strong>GRASS<\/strong>&nbsp;\u2013&nbsp;<strong>LiDAR Tools<\/strong><\/a>&nbsp;\u2013 \u00e9 um programa de c\u00f3digo aberto bem popular e que possui ferramentas LIDAR para processamento de nuvem de pontos. As ferramentas suportam processamento e an\u00e1lise de dados LIDAR b\u00e1sicos e avan\u00e7ados com suporte ao formato LAS.<\/td><\/tr><tr><td><strong>LASTools<\/strong><\/td><td>As ferramentas&nbsp;<a href=\"https:\/\/rapidlasso.com\/\" target=\"_blank\" rel=\"noreferrer noopener\"><strong>LASTools<\/strong><\/a>&nbsp;s\u00e3o uma cole\u00e7\u00e3o de fun\u00e7\u00f5es em linha de comando que podem ser processadas em lote e com multiprocessamento. As ferramentas permitem classificar, juntar, converter, filtrar, rasterizar, triangular, contornar, recortar e poligonizar dados LiDAR entre outras fun\u00e7\u00f5es. As &nbsp;ferramentas tamb\u00e9m podem ser executadas atrav\u00e9s de uma interface nativa e est\u00e3o dispon\u00edveis como caixas de di\u00e1logo para processamento LiDAR nos programas ArcGIS 9.3 e superiores, para vers\u00f5es QGIS 1.8 e superiores, e para vers\u00f5es ERDAS IMAGINE 14.0 e superiores. LASTools e outras ferramentas como LASZip s\u00e3o cria\u00e7\u00f5es do PhD em Ci\u00eancia da Computa\u00e7\u00e3o Martin Isenburg, propriet\u00e1rio da rapidlasso GmbH.<\/td><\/tr><tr><td><strong>LASZip<\/strong><\/td><td>O&nbsp;<strong><a href=\"https:\/\/laszip.org\/\" target=\"_blank\" rel=\"noreferrer noopener\">LASzip<\/a>&nbsp;<\/strong>\u00e9 uma biblioteca de compress\u00e3o que foi desenvolvida pelo PhD em Ci\u00eancia da Computa\u00e7\u00e3o Martin Isenburg para compactar dados no formato LAS da ASPRS LAS. \u00c9 um produto de c\u00f3digo aberto gratuito distribu\u00eddo pela rapidlasso GmbH que transforma arquivos LAS brutos em arquivos LAZ compactados com at\u00e9 20% do tamanho original sem perda de informa\u00e7\u00f5es. O LASzip foi vencedor do Pr\u00eamio de Inova\u00e7\u00e3o Tecnol\u00f3gica do Geospatial World Forum de 2012 na categoria LiDAR Processing. A biblioteca LASZip licenciada \u00e9 facilmente integrada atrav\u00e9s de DLL existente no pacote de &nbsp;distribui\u00e7\u00e3o do LASTools.<\/td><\/tr><tr><td><strong>MARS<\/strong><strong>\u00ae<\/strong><\/td><td>O programa&nbsp;<a href=\"https:\/\/www.merrick.com\/services\/geospatial-services\/software\/\" target=\"_blank\" rel=\"noreferrer noopener\"><strong>Mars<\/strong><strong>\u00ae<\/strong>&nbsp;<\/a>(Merrick Advanced Remote Sensing Software) Free Viewer da Merrick Co. \u00e9 um aplicativo gr\u00e1tis de visualiza\u00e7\u00e3o que suporta navega\u00e7\u00e3o b\u00e1sica de conjunto de dados LiDAR al\u00e9m de visualiza\u00e7\u00e3o 3D. \u00c9 uma ferramenta adequada para uso r\u00e1pido e casual.<\/td><\/tr><tr><td><strong>QtModeler<\/strong><\/td><td>O programa&nbsp;<a href=\"http:\/\/appliedimagery.com\/\" target=\"_blank\" rel=\"noreferrer noopener\"><strong>QtModeler<\/strong><\/a>&nbsp;(Quick Terrain Modeler) da Applied Imagery Inc.&nbsp; \u00e9 um programa para gera\u00e7\u00e3o de superf\u00edcie muito robusto. Tem a capacidade de manipular nuvens de pontos com grande quantidade de pontos e possibilita a navega\u00e7\u00e3o sobre uma superf\u00edcie renderizada. N\u00e3o aceita superposi\u00e7\u00e3o de vetores com muita praticidade e tem restri\u00e7\u00e3o com alguns tipos de imagens, pois \u00e9 um programa cuja fun\u00e7\u00e3o principal \u00e9 a&nbsp; renderiza\u00e7\u00e3o.<\/td><\/tr><tr><td><strong>RiALITY RIEGL<\/strong><\/td><td>O programa&nbsp;<a href=\"http:\/\/www.riegl.com\/media-events\/multimedia\/3d-app\/\" target=\"_blank\" rel=\"noreferrer noopener\"><strong>RiALITY<\/strong>&nbsp;<\/a>da&nbsp;<em>RIEGL<\/em>&nbsp;Laser Measurement Systems GmbH permite visualizar nuvens de pontos adquiridas com escaners a LASER da RIEGL. Entre as funcionalidades do visualizador de nuvem de pontos, destaca-se a realidade aumentada, modo de visualiza\u00e7\u00e3o ortogr\u00e1fico e em perspectiva e suporte a nuvens de pontos com at\u00e9 2,5 milh\u00f5es de pontos.<\/td><\/tr><tr><td><strong>TerraScan<\/strong><\/td><td>O&nbsp;<a href=\"https:\/\/terrasolid.com\/products\/terrascan\/\" target=\"_blank\" rel=\"noreferrer noopener\"><strong>TerraScan<\/strong><\/a>&nbsp;da filandesa TerraSolid Ltd. \u00e9 um programa para processamento de nuvem de pontos LiDAR. Com este programa \u00e9 poss\u00edvel classificar, cortar e editar os pontos da nuvem de pontos. A maioria dos produtos TerraSolid funciona com a plataforma Microstation, sendo este, um poss\u00edvel inconveniente dos produtos. A Terrasolid oferece vers\u00f5es completas e leves de seus produtos que podem ser combinados em pacotes de acordo com um objetivo espec\u00edfico. H\u00e1 vers\u00f5es para RPA dedicados a usu\u00e1rios que est\u00e3o processando apenas dados coletados por ve\u00edculos a\u00e9reos n\u00e3o tripulados.<\/td><\/tr><tr><td><strong>VisionLiDAR<\/strong><\/td><td>O programa&nbsp;<a href=\"https:\/\/www.geo-plus.com\/point-cloud-software\/\" target=\"_blank\" rel=\"noreferrer noopener\"><strong>VisionLidar<\/strong><\/a>&nbsp;da GeoPlus permite visualizar, processar, classificar, segmentar, animar e editar nuvens de pontos LiDAR em um \u00fanico aplicativo. N\u00e3o h\u00e1 restri\u00e7\u00f5es baseadas em um n\u00famero m\u00e1ximo de pontos. O VisionLiDAR processa nuvens de ponto de oriundas de levantamentos LiDAR a\u00e9reo, terrestre e m\u00f3vel para projetos de engenharia civil, agrimensura, arquitetura, BIM, transporte, minas, pedreiras e florestas.<\/td><\/tr><\/tbody><\/table><\/figure>\n","protected":false},"excerpt":{"rendered":"<p>H\u00e1 uma variedade de programas para tratamento de dados LiDAR que se distribuem em solu\u00e7\u00f5es propriet\u00e1rias, programas comerciais, extens\u00f5es que operam suportados por programas convencionas de CAD ou SIG, bibliotecas especializadas e programas de c\u00f3digo aberto. N\u00e3o h\u00e1 como estabelecer um melhor programa para dados LiDAR, uma vez que depende da aceita\u00e7\u00e3o do usu\u00e1rio e &hellip; <\/p>\n<p class=\"link-more\"><a href=\"https:\/\/www.lidar.com.br\/?page_id=45\" class=\"more-link\">Continue lendo<span class=\"screen-reader-text\"> &#8220;Programas&#8221;<\/span><\/a><\/p>\n","protected":false},"author":1,"featured_media":0,"parent":0,"menu_order":0,"comment_status":"closed","ping_status":"closed","template":"","meta":{"saved_in_kubio":false,"_themeisle_gutenberg_block_has_review":false,"footnotes":""},"class_list":["post-45","page","type-page","status-publish","hentry"],"kubio_ai_page_context":{"short_desc":"","purpose":"general"},"_links":{"self":[{"href":"https:\/\/www.lidar.com.br\/index.php?rest_route=\/wp\/v2\/pages\/45","targetHints":{"allow":["GET"]}}],"collection":[{"href":"https:\/\/www.lidar.com.br\/index.php?rest_route=\/wp\/v2\/pages"}],"about":[{"href":"https:\/\/www.lidar.com.br\/index.php?rest_route=\/wp\/v2\/types\/page"}],"author":[{"embeddable":true,"href":"https:\/\/www.lidar.com.br\/index.php?rest_route=\/wp\/v2\/users\/1"}],"replies":[{"embeddable":true,"href":"https:\/\/www.lidar.com.br\/index.php?rest_route=%2Fwp%2Fv2%2Fcomments&post=45"}],"version-history":[{"count":6,"href":"https:\/\/www.lidar.com.br\/index.php?rest_route=\/wp\/v2\/pages\/45\/revisions"}],"predecessor-version":[{"id":513,"href":"https:\/\/www.lidar.com.br\/index.php?rest_route=\/wp\/v2\/pages\/45\/revisions\/513"}],"wp:attachment":[{"href":"https:\/\/www.lidar.com.br\/index.php?rest_route=%2Fwp%2Fv2%2Fmedia&parent=45"}],"curies":[{"name":"wp","href":"https:\/\/api.w.org\/{rel}","templated":true}]}}