{"id":44,"date":"2025-06-17T14:04:04","date_gmt":"2025-06-17T14:04:04","guid":{"rendered":"http:\/\/192.168.1.3:1080\/?page_id=44"},"modified":"2025-06-27T19:38:25","modified_gmt":"2025-06-27T19:38:25","slug":"fabricantes","status":"publish","type":"page","link":"https:\/\/www.lidar.com.br\/?page_id=44","title":{"rendered":"Fabricantes"},"content":{"rendered":"\n<figure class=\"wp-block-image size-full\"><img loading=\"lazy\" decoding=\"async\" width=\"394\" height=\"70\" src=\"https:\/\/www.lidar.com.br\/wp-content\/uploads\/2025\/06\/TELEDYNE-1.png\" alt=\"\" class=\"wp-image-507\" srcset=\"https:\/\/www.lidar.com.br\/wp-content\/uploads\/2025\/06\/TELEDYNE-1.png 394w, https:\/\/www.lidar.com.br\/wp-content\/uploads\/2025\/06\/TELEDYNE-1-300x53.png 300w\" sizes=\"(max-width: 394px) 100vw, 394px\" \/><\/figure>\n\n\n\n<p><a href=\"http:\/\/www.teledyneoptech.com\/en\/products\/airborne-survey\/\" target=\"_blank\" rel=\"noreferrer noopener\"><strong>TELEDYNE OPTECH<\/strong><\/a><br>Empresa pioneira no desenvolvimento e comercializa\u00e7\u00e3o de equipamentos LiDAR para mapeamento, batimetria, m\u00f3vel e est\u00e1tico, a Optech Inc. do Canad\u00e1 foi adquirida pela Teledyne em 2015.<\/p>\n\n\n\n<div class=\"wp-block-group is-nowrap is-layout-flex wp-container-core-group-is-layout-ad2f72ca wp-block-group-is-layout-flex\"><\/div>\n\n\n\n<p><\/p>\n\n\n\n<div class=\"wp-block-group is-nowrap is-layout-flex wp-container-core-group-is-layout-ad2f72ca wp-block-group-is-layout-flex\"><\/div>\n\n\n\n<figure class=\"wp-block-image size-full\"><img loading=\"lazy\" decoding=\"async\" width=\"351\" height=\"91\" src=\"https:\/\/www.lidar.com.br\/wp-content\/uploads\/2025\/06\/HEXAGON-LEICA.png\" alt=\"\" class=\"wp-image-504\" srcset=\"https:\/\/www.lidar.com.br\/wp-content\/uploads\/2025\/06\/HEXAGON-LEICA.png 351w, https:\/\/www.lidar.com.br\/wp-content\/uploads\/2025\/06\/HEXAGON-LEICA-300x78.png 300w\" sizes=\"(max-width: 351px) 100vw, 351px\" \/><\/figure>\n\n\n\n<p><a href=\"https:\/\/leica-geosystems.com\/products\/airborne-systems\" target=\"_blank\" rel=\"noreferrer noopener\"><strong>HEXAGON LEICA<\/strong><\/a><br>Empresa fabricante de&nbsp;sistemas LiDAR&nbsp;topogr\u00e1fico, a Leica Geosystems foi adquirida pelo grupo su\u00ed\u00e7o Hexagon em 2015. Atualmente, tamb\u00e9m faz parte das empresas a sueca Airborne&nbsp;Hydrography AB (AHAB), especializada em LiDAR batim\u00e9trico e adquirida em 2013, e a alem\u00e3 Aibotix, fabricante de sistemas multic\u00f3pteros para aplica\u00e7\u00f5es a\u00e9reas, adquirida em 2014.<\/p>\n\n\n\n<div class=\"wp-block-group is-nowrap is-layout-flex wp-container-core-group-is-layout-ad2f72ca wp-block-group-is-layout-flex\"><\/div>\n\n\n\n<p><\/p>\n\n\n\n<div class=\"wp-block-group is-nowrap is-layout-flex wp-container-core-group-is-layout-ad2f72ca wp-block-group-is-layout-flex\"><\/div>\n\n\n\n<figure class=\"wp-block-image size-full\"><img loading=\"lazy\" decoding=\"async\" width=\"298\" height=\"68\" src=\"https:\/\/www.lidar.com.br\/wp-content\/uploads\/2025\/06\/RIEGL.png\" alt=\"\" class=\"wp-image-505\"\/><\/figure>\n\n\n\n<p><a href=\"http:\/\/www.riegl.com\/\" target=\"_blank\" rel=\"noreferrer noopener\"><strong>RIEGL<\/strong><\/a><br>Empresa fabricante de&nbsp;equipamentos LiDAR a\u00e9reos, terrestres e m\u00f3veis&nbsp;para v\u00e1rios tipos de atividades ligadas ao mapeamento. Atualmente, desenvolve equipamentos LiDAR espec\u00edficos para RPA.<\/p>\n\n\n\n<p><\/p>\n","protected":false},"excerpt":{"rendered":"<p>TELEDYNE OPTECHEmpresa pioneira no desenvolvimento e comercializa\u00e7\u00e3o de equipamentos LiDAR para mapeamento, batimetria, m\u00f3vel e est\u00e1tico, a Optech Inc. do Canad\u00e1 foi adquirida pela Teledyne em 2015. HEXAGON LEICAEmpresa fabricante de&nbsp;sistemas LiDAR&nbsp;topogr\u00e1fico, a Leica Geosystems foi adquirida pelo grupo su\u00ed\u00e7o Hexagon em 2015. Atualmente, tamb\u00e9m faz parte das empresas a sueca Airborne&nbsp;Hydrography AB (AHAB), especializada &hellip; <\/p>\n<p class=\"link-more\"><a href=\"https:\/\/www.lidar.com.br\/?page_id=44\" class=\"more-link\">Continue lendo<span class=\"screen-reader-text\"> &#8220;Fabricantes&#8221;<\/span><\/a><\/p>\n","protected":false},"author":1,"featured_media":0,"parent":0,"menu_order":0,"comment_status":"closed","ping_status":"closed","template":"","meta":{"saved_in_kubio":false,"_themeisle_gutenberg_block_has_review":false,"footnotes":""},"class_list":["post-44","page","type-page","status-publish","hentry"],"kubio_ai_page_context":{"short_desc":"","purpose":"general"},"_links":{"self":[{"href":"https:\/\/www.lidar.com.br\/index.php?rest_route=\/wp\/v2\/pages\/44","targetHints":{"allow":["GET"]}}],"collection":[{"href":"https:\/\/www.lidar.com.br\/index.php?rest_route=\/wp\/v2\/pages"}],"about":[{"href":"https:\/\/www.lidar.com.br\/index.php?rest_route=\/wp\/v2\/types\/page"}],"author":[{"embeddable":true,"href":"https:\/\/www.lidar.com.br\/index.php?rest_route=\/wp\/v2\/users\/1"}],"replies":[{"embeddable":true,"href":"https:\/\/www.lidar.com.br\/index.php?rest_route=%2Fwp%2Fv2%2Fcomments&post=44"}],"version-history":[{"count":15,"href":"https:\/\/www.lidar.com.br\/index.php?rest_route=\/wp\/v2\/pages\/44\/revisions"}],"predecessor-version":[{"id":521,"href":"https:\/\/www.lidar.com.br\/index.php?rest_route=\/wp\/v2\/pages\/44\/revisions\/521"}],"wp:attachment":[{"href":"https:\/\/www.lidar.com.br\/index.php?rest_route=%2Fwp%2Fv2%2Fmedia&parent=44"}],"curies":[{"name":"wp","href":"https:\/\/api.w.org\/{rel}","templated":true}]}}