{"id":368,"date":"2025-06-18T15:02:48","date_gmt":"2025-06-18T15:02:48","guid":{"rendered":"http:\/\/192.168.1.3:1080\/?page_id=368"},"modified":"2025-06-18T15:03:09","modified_gmt":"2025-06-18T15:03:09","slug":"florestal","status":"publish","type":"page","link":"https:\/\/www.lidar.com.br\/?page_id=368","title":{"rendered":"Florestal"},"content":{"rendered":"\n<p><a href=\"https:\/\/www.sciencedirect.com\/science\/article\/pii\/S0303243412002024?via%3Dihub\" target=\"_blank\" rel=\"noreferrer noopener\"><strong>Airborne laser scanning of forest resources: An overview of research in Italy as a commentary case study<\/strong><\/a><\/p>\n\n\n\n<p>Alessandro Montaghi, Piermaria Corona, Michele Dalponte, Damiano Gianelle, Gherardo Chirici, H\u00e5kan Olsson<br>International Journal of Applied Earth Observation and Geoinformation 23 (2013) 288\u2013300<\/p>\n\n\n\n<p><a href=\"https:\/\/www.sciencedirect.com\/science\/article\/pii\/S0924271615000544?via%3Dihub\" target=\"_blank\" rel=\"noreferrer noopener\"><strong>A graph-based segmentation algorithm for tree crown extraction using Airborne LiDAR data<\/strong><\/a><\/p>\n\n\n\n<p>Victor F. Str\u00eembu , Bogdan M. Str\u00eembu<br>ISPRS Journal of Photogrammetry and Remote Sensing 104 (2015) 30\u201343<\/p>\n\n\n\n<p><a href=\"https:\/\/pfb.cnpf.embrapa.br\/pfb\/index.php\/pfb\/article\/view\/148\" target=\"_blank\" rel=\"noreferrer noopener\"><strong>LiDAR: Princ\u00edpios e Aplica\u00e7\u00f5es Florestais<\/strong><\/a><\/p>\n\n\n\n<p>Marcos Giongo, Henrique Soares Koehler, Sebasti\u00e3o do Amaral Machado, Flavio Felipe Kirchner, Marco Marchetti<br>Pesquisa Florestal Brasileira, Colombo, v. 30, n. 63, p. 231-244, ago.\/out. 2010<\/p>\n\n\n\n<p><a href=\"https:\/\/repositorio.ufsc.br\/bitstream\/handle\/123456789\/172556\/343434.pdf?sequence=1&amp;isAllowed=y\" target=\"_blank\" rel=\"noreferrer noopener\"><strong>Quantifica\u00e7\u00e3o de Biomassa e Altura das \u00c1rvores em uma Floresta de Mata Atl\u00e2ntica em Belo Horizonte \u2013 MG, Utilizando a Tecnologia LIDAR<\/strong><\/a><\/p>\n\n\n\n<p>Diogo Caio Rocha Amorim<br>Disserta\u00e7\u00e3o submetida ao Programa de P\u00f3s-gradua\u00e7\u00e3o em Engenharia Ambiental da Universidade Federal de Santa Catarina<\/p>\n","protected":false},"excerpt":{"rendered":"<p>Airborne laser scanning of forest resources: An overview of research in Italy as a commentary case study Alessandro Montaghi, Piermaria Corona, Michele Dalponte, Damiano Gianelle, Gherardo Chirici, H\u00e5kan OlssonInternational Journal of Applied Earth Observation and Geoinformation 23 (2013) 288\u2013300 A graph-based segmentation algorithm for tree crown extraction using Airborne LiDAR data Victor F. Str\u00eembu , &hellip; <\/p>\n<p class=\"link-more\"><a href=\"https:\/\/www.lidar.com.br\/?page_id=368\" class=\"more-link\">Continue lendo<span class=\"screen-reader-text\"> &#8220;Florestal&#8221;<\/span><\/a><\/p>\n","protected":false},"author":1,"featured_media":0,"parent":355,"menu_order":5,"comment_status":"closed","ping_status":"closed","template":"","meta":{"saved_in_kubio":false,"_themeisle_gutenberg_block_has_review":false,"footnotes":""},"class_list":["post-368","page","type-page","status-publish","hentry"],"kubio_ai_page_context":{"short_desc":"","purpose":"general"},"_links":{"self":[{"href":"https:\/\/www.lidar.com.br\/index.php?rest_route=\/wp\/v2\/pages\/368","targetHints":{"allow":["GET"]}}],"collection":[{"href":"https:\/\/www.lidar.com.br\/index.php?rest_route=\/wp\/v2\/pages"}],"about":[{"href":"https:\/\/www.lidar.com.br\/index.php?rest_route=\/wp\/v2\/types\/page"}],"author":[{"embeddable":true,"href":"https:\/\/www.lidar.com.br\/index.php?rest_route=\/wp\/v2\/users\/1"}],"replies":[{"embeddable":true,"href":"https:\/\/www.lidar.com.br\/index.php?rest_route=%2Fwp%2Fv2%2Fcomments&post=368"}],"version-history":[{"count":1,"href":"https:\/\/www.lidar.com.br\/index.php?rest_route=\/wp\/v2\/pages\/368\/revisions"}],"predecessor-version":[{"id":369,"href":"https:\/\/www.lidar.com.br\/index.php?rest_route=\/wp\/v2\/pages\/368\/revisions\/369"}],"up":[{"embeddable":true,"href":"https:\/\/www.lidar.com.br\/index.php?rest_route=\/wp\/v2\/pages\/355"}],"wp:attachment":[{"href":"https:\/\/www.lidar.com.br\/index.php?rest_route=%2Fwp%2Fv2%2Fmedia&parent=368"}],"curies":[{"name":"wp","href":"https:\/\/api.w.org\/{rel}","templated":true}]}}