{"id":364,"date":"2025-06-18T14:59:34","date_gmt":"2025-06-18T14:59:34","guid":{"rendered":"http:\/\/192.168.1.3:1080\/?page_id=364"},"modified":"2025-06-18T14:59:51","modified_gmt":"2025-06-18T14:59:51","slug":"mde-mdt","status":"publish","type":"page","link":"https:\/\/www.lidar.com.br\/?page_id=364","title":{"rendered":"MDE-MDT"},"content":{"rendered":"\n<p><a href=\"http:\/\/www.scielo.br\/pdf\/bcg\/v17n3\/a06v17n3.pdf\" target=\"_blank\" rel=\"noreferrer noopener\"><strong>Classifica\u00e7\u00e3o de Pontos Lidar para a Gera\u00e7\u00e3o de Modelo Digital do Terreno: Um Estudo de Caso<\/strong><\/a><\/p>\n\n\n\n<p>M\u00e1rcio Geovani Tavares de Assun\u00e7\u00e3o, Mosar Faria Botelho, Jorge Ant\u00f4nio da Silva Centeno, Admilson da Penha Pacheco<br>Boletim Ci\u00eancias Geod\u00e9sicas, sec. Artigos, Curitiba, v. 17, no 3, p.417-438, jul-set, 2011<\/p>\n","protected":false},"excerpt":{"rendered":"<p>Classifica\u00e7\u00e3o de Pontos Lidar para a Gera\u00e7\u00e3o de Modelo Digital do Terreno: Um Estudo de Caso M\u00e1rcio Geovani Tavares de Assun\u00e7\u00e3o, Mosar Faria Botelho, Jorge Ant\u00f4nio da Silva Centeno, Admilson da Penha PachecoBoletim Ci\u00eancias Geod\u00e9sicas, sec. Artigos, Curitiba, v. 17, no 3, p.417-438, jul-set, 2011<\/p>\n","protected":false},"author":1,"featured_media":0,"parent":355,"menu_order":3,"comment_status":"closed","ping_status":"closed","template":"","meta":{"saved_in_kubio":false,"_themeisle_gutenberg_block_has_review":false,"footnotes":""},"class_list":["post-364","page","type-page","status-publish","hentry"],"kubio_ai_page_context":{"short_desc":"","purpose":"general"},"_links":{"self":[{"href":"https:\/\/www.lidar.com.br\/index.php?rest_route=\/wp\/v2\/pages\/364","targetHints":{"allow":["GET"]}}],"collection":[{"href":"https:\/\/www.lidar.com.br\/index.php?rest_route=\/wp\/v2\/pages"}],"about":[{"href":"https:\/\/www.lidar.com.br\/index.php?rest_route=\/wp\/v2\/types\/page"}],"author":[{"embeddable":true,"href":"https:\/\/www.lidar.com.br\/index.php?rest_route=\/wp\/v2\/users\/1"}],"replies":[{"embeddable":true,"href":"https:\/\/www.lidar.com.br\/index.php?rest_route=%2Fwp%2Fv2%2Fcomments&post=364"}],"version-history":[{"count":1,"href":"https:\/\/www.lidar.com.br\/index.php?rest_route=\/wp\/v2\/pages\/364\/revisions"}],"predecessor-version":[{"id":365,"href":"https:\/\/www.lidar.com.br\/index.php?rest_route=\/wp\/v2\/pages\/364\/revisions\/365"}],"up":[{"embeddable":true,"href":"https:\/\/www.lidar.com.br\/index.php?rest_route=\/wp\/v2\/pages\/355"}],"wp:attachment":[{"href":"https:\/\/www.lidar.com.br\/index.php?rest_route=%2Fwp%2Fv2%2Fmedia&parent=364"}],"curies":[{"name":"wp","href":"https:\/\/api.w.org\/{rel}","templated":true}]}}