{"id":355,"date":"2025-06-18T14:51:19","date_gmt":"2025-06-18T14:51:19","guid":{"rendered":"http:\/\/192.168.1.3:1080\/?page_id=355"},"modified":"2025-06-18T14:53:02","modified_gmt":"2025-06-18T14:53:02","slug":"artigos-e-pesquisas","status":"publish","type":"page","link":"https:\/\/www.lidar.com.br\/?page_id=355","title":{"rendered":"Artigos e Pesquisas"},"content":{"rendered":"\n<p>No decorrer do desenvolvimento da tecnologia LiDAR, milhares de artigos e documentos cient\u00edficos foram elaborados por pesquisadores de universidades e t\u00e9cnicos relacionados com o uso de equipamentos LiDAR ou no emprego de m\u00e9todos espec\u00edficos de sua \u00e1rea de atua\u00e7\u00e3o.<\/p>\n\n\n\n<p>Os artigos e documentos t\u00e9cnicos apresentados aqui s\u00e3o exemplos ilustrativos de pesquisas acad\u00eamicas, anais de eventos cient\u00edficos e metodologias desenvolvidas que demonstram a diversidade de uso da tecnologia LiDAR e de seus produtos derivados.<\/p>\n","protected":false},"excerpt":{"rendered":"<p>No decorrer do desenvolvimento da tecnologia LiDAR, milhares de artigos e documentos cient\u00edficos foram elaborados por pesquisadores de universidades e t\u00e9cnicos relacionados com o uso de equipamentos LiDAR ou no emprego de m\u00e9todos espec\u00edficos de sua \u00e1rea de atua\u00e7\u00e3o. Os artigos e documentos t\u00e9cnicos apresentados aqui s\u00e3o exemplos ilustrativos de pesquisas acad\u00eamicas, anais de eventos &hellip; <\/p>\n<p class=\"link-more\"><a href=\"https:\/\/www.lidar.com.br\/?page_id=355\" class=\"more-link\">Continue lendo<span class=\"screen-reader-text\"> &#8220;Artigos e Pesquisas&#8221;<\/span><\/a><\/p>\n","protected":false},"author":1,"featured_media":0,"parent":0,"menu_order":0,"comment_status":"closed","ping_status":"closed","template":"","meta":{"saved_in_kubio":false,"_themeisle_gutenberg_block_has_review":false,"footnotes":""},"class_list":["post-355","page","type-page","status-publish","hentry"],"kubio_ai_page_context":{"short_desc":"","purpose":"general"},"_links":{"self":[{"href":"https:\/\/www.lidar.com.br\/index.php?rest_route=\/wp\/v2\/pages\/355","targetHints":{"allow":["GET"]}}],"collection":[{"href":"https:\/\/www.lidar.com.br\/index.php?rest_route=\/wp\/v2\/pages"}],"about":[{"href":"https:\/\/www.lidar.com.br\/index.php?rest_route=\/wp\/v2\/types\/page"}],"author":[{"embeddable":true,"href":"https:\/\/www.lidar.com.br\/index.php?rest_route=\/wp\/v2\/users\/1"}],"replies":[{"embeddable":true,"href":"https:\/\/www.lidar.com.br\/index.php?rest_route=%2Fwp%2Fv2%2Fcomments&post=355"}],"version-history":[{"count":3,"href":"https:\/\/www.lidar.com.br\/index.php?rest_route=\/wp\/v2\/pages\/355\/revisions"}],"predecessor-version":[{"id":359,"href":"https:\/\/www.lidar.com.br\/index.php?rest_route=\/wp\/v2\/pages\/355\/revisions\/359"}],"wp:attachment":[{"href":"https:\/\/www.lidar.com.br\/index.php?rest_route=%2Fwp%2Fv2%2Fmedia&parent=355"}],"curies":[{"name":"wp","href":"https:\/\/api.w.org\/{rel}","templated":true}]}}