{"id":338,"date":"2025-06-18T14:43:23","date_gmt":"2025-06-18T14:43:23","guid":{"rendered":"http:\/\/192.168.1.3:1080\/?page_id=338"},"modified":"2025-06-26T18:32:30","modified_gmt":"2025-06-26T18:32:30","slug":"anos-2010","status":"publish","type":"page","link":"https:\/\/www.lidar.com.br\/?page_id=338","title":{"rendered":"Anos 2010"},"content":{"rendered":"\n<p><strong>2010<\/strong>\u00a0\u2013 Em coopera\u00e7\u00e3o com a Diamond Aircraft Industries, a empresa RIEGL desenvolveu uma solu\u00e7\u00e3o inovadora para miss\u00f5es de LiDAR a\u00e9reo, integrando o equipamento LMS-Q680i no \u201cnariz\u201d da aeronave bimotor DA42 MPP. (40)<\/p>\n\n\n\n<p><strong>2010<\/strong>\u00a0\u2013 A empresa RIEGL lan\u00e7ou o equipamento VQ-580. O VQ-580 operava com frequ\u00eancia de 50 at\u00e9 300 kHz com \u00e2ngulo de abertura de 60\u00ba. (28)<\/p>\n\n\n\n<p><strong>2010<\/strong>\u00a0\u2013 A empresa RIEGL lan\u00e7ou o equipamento LiDAR Terrestre VZ-1000. O VZ-1000 operava com frequ\u00eancia de 300 kHz, atingindo alvos a 1200 m de dist\u00e2ncia. (28)<\/p>\n\n\n\n<p><strong>2010<\/strong>\u00a0\u2013 A empresa Optech Inc. comercializou o primeiro sensor ALTM Pegasus HD 400 cujas inova\u00e7\u00f5es eram: configura\u00e7\u00e3o de LASER multicanal, imagem digital incorporada (opcional) e frequ\u00eancia de opera\u00e7\u00e3o de 400 kHz. <\/p>\n\n\n\n<p><strong>2011<\/strong>&nbsp;\u2013 O equipamento CZMIL (Coastal Zone Mapping and Imaging LiDAR) da empresa Optech Inc., a gera\u00e7\u00e3o sucessora do LiDAR topo-batim\u00e9trico SHOALS, \u00e9 apresentado ao mercado.<\/p>\n\n\n\n<p><strong>2011<\/strong>\u00a0\u2013 O equipamento DragonEye 3D Flash LiDAR, desenvolvida por Advanced Scientific Concepts Inc., fez parte do voo final da Discovery. O sistema era capaz de capturar um conjunto completo de 128\u00d7128 pixels 3D de forma independente com at\u00e9 30 frames por segundo em tempo real. (17)<\/p>\n\n\n\n<p><strong>2011<\/strong>\u00a0\u2013 A empresa Leica Geosystems anunciou o lan\u00e7amento da nova fam\u00edlia de sistemas LiDAR aerotransportados ALS70, composta pelos modelos ALS70-CM City Mapper, ALS70-HP High Performance e ALS70-HA High Altitude. Ao incorporar uma tecnologia chamada Point Density Multiplier, obtinham uma taxa de pulso de 500 kHz e 200 Hz de taxa de varredura. Os equipamentos ALS70 usavam novos circuitos de detec\u00e7\u00e3o, proporcionando maior retorno em alvos de baixa refletividade. A frequ\u00eancia de opera\u00e7\u00e3o de 500 kHz \u00e9 poss\u00edvel com um segundo receptor e usando \u00f3ptica complexa para dividir um \u00fanico feixe de LASER em dois subfeixes. Estes subfeixes s\u00e3o separados por 2 graus no eixo Y e detectados separadamente (pela tecnologia MPiA). Este equipamento permitia a escolha de tr\u00eas padr\u00f5es de varredura diferentes: senoidal, triangular e raster. (29)<\/p>\n\n\n\n<p><strong>2011<\/strong>\u00a0\u2013 A empresa RIEGL lan\u00e7ou o LiDAR Terrestre modelo VZ-4000 especialmente desenvolvido para aplica\u00e7\u00f5es em topografia e minera\u00e7\u00e3o a c\u00e9u aberto com alcance de at\u00e9 4.000 m. (40)<\/p>\n\n\n\n<p><strong>2011<\/strong>\u00a0\u2013 A empresa Airborne Hydrography AB (AHAB) introduziu seu LiDAR batim\u00e9trico denominado Chiroptera. O sistema inicial foi projetado com o Coastal Studies Group do Bureau of Economic Geology na Universidade do Texas em Austin. O sistema atuava com um LASER verde de 18 kHz (532 nm) para batimetria e um LASER infravermelho de 400 kHz (1064 nm) com padr\u00e3o de varredura el\u00edptica. (21)<\/p>\n\n\n\n<p><strong>2011<\/strong>\u00a0\u2013 A empresa RIEGL apresentou o LiDAR m\u00f3vel modelo VMX-450. O equipamento efetua at\u00e9 1,1 milh\u00f5es de medi\u00e7\u00f5es por segundo. Possui um conjunto de c\u00e2maras opcional com at\u00e9 6 c\u00e2maras de alta resolu\u00e7\u00e3o. (40)<\/p>\n\n\n\n<p><strong>2011<\/strong>\u00a0\u2013 A empresa Optech Inc. (com a participa\u00e7\u00e3o acion\u00e1ria da Teledyne) introduziu o sistema ALTM Aquarius para batimetria em \u00e1guas rasas (profundidade menor que 10 m). A ideia era que o LASER verde pudesse se valer da eletr\u00f4nica do sistema ALTM Gemini, operando em frequ\u00eancias de 33 kHz a 70 kHz. (21)<\/p>\n\n\n\n<p><strong>2011<\/strong>\u00a0\u2013 A Optech Inc. lan\u00e7ou os equipamentos LiDAR aerotransportado modelos ALTM Orion M\/C 300. Os equipamentos Orion M300 e C300 eram projetados aplica\u00e7\u00f5es de engenharia em altura de voo m\u00e9dia e corredores em altura de voo mais baixa, respectivamente. A frequ\u00eancia de opera\u00e7\u00e3o era de 300 kHz. (25)<\/p>\n\n\n\n<p><strong>2011<\/strong>\u00a0\u2013 A empresa RIEGL desenvolveu um LiDAR Batim\u00e9trico modelo VQ-820-G em coopera\u00e7\u00e3o com a unidade de Engenharia Hidr\u00e1ulica da Universidade de Innsbruck, \u00c1ustria. O equipamento possu\u00eda um LASER verde (532 nm) de Classe 3B em um pulso de baixa diverg\u00eancia (1 m rad) para uma altura de voo de 500m. A frequ\u00eancia de opera\u00e7\u00e3o era de 250 kHz. (21)<\/p>\n\n\n\n<p><strong>2011<\/strong>&nbsp;\u2013 A Teledyne Dalsa Inc. adquiriu uma participa\u00e7\u00e3o minorit\u00e1ria na empresa canadense Optech Inc.<\/p>\n\n\n\n<p><strong>2012<\/strong>\u00a0\u2013 A empresa RIEGL apresentou o LiDAR Terrestre modelo VZ-6000 com alcance de at\u00e9 6.000 m. Devido ao seu comprimento de onda do laser, o scanner \u00e9 especialmente adequado para mapeamento de geleiras e campos de neve. (40)<\/p>\n\n\n\n<p><strong>2012<\/strong>\u00a0\u2013 A empresa Optech Inc. (j\u00e1 com a participa\u00e7\u00e3o acion\u00e1ria da Teledyne) promoveu o lan\u00e7amento do ALTM Pegasus HA500 ALTM, um sensor LiDAR para mapeamento de grandes \u00e1reas, com altura de voo de at\u00e9 5000 m e frequ\u00eancia de opera\u00e7\u00e3o de 500 kHz. (26)<\/p>\n\n\n\n<p><strong>2012<\/strong>\u00a0\u2013 A empresa RIEGL apresentou o LiDAR a\u00e9reo modelo LMS-Q780. Este equipamento foi considerado o primeiro a operar com frequ\u00eancia lata (400 kHz) em altura de voo tamb\u00e9m alta (3.500m). O equipamento possu\u00eda recursos exclusivos de resolu\u00e7\u00e3o automatizada de ambiguidades de alcance que ocorrem em faixas de voo longas em frequ\u00eancia muito alta. (40)<\/p>\n\n\n\n<p><strong>2013<\/strong>&nbsp;\u2013 A Leica Geosystems lan\u00e7ou o Pegasus: One, uma plataforma LiDAR de mapeamento m\u00f3vel que tamb\u00e9m possui c\u00e2maras para imageamento dos arredores, operando em conjunto com a nuvem de pontos LiDAR.<\/p>\n\n\n\n<p><strong>2013<\/strong>\u00a0\u2013 A RIEGL Laser Measurement Systems apresentou o sistema de mapeamento LASER LMS-Q1560 no evento promocional RIEGL LIDAR 2013 International User Conference \u2013 Viena, \u00c1ustria. O LMS-Q1560 operava a uma taxa de repeti\u00e7\u00e3o de pulso m\u00e1xima de 800 kHz, fornecendo uma taxa de medi\u00e7\u00e3o efetiva de 530.000 medi\u00e7\u00f5es por segundo no terreno. (39)<\/p>\n\n\n\n<p><strong>2013<\/strong>\u00a0\u2013 A Hexagon Leica Geosystems faz a aquisi\u00e7\u00e3o da Airborne Hydrography AB (AHAB, Su\u00e9cia), uma desenvolvedora de sistemas LiDAR aerotransportados para levantamentos hidrogr\u00e1ficos e topogr\u00e1ficos. \u201cLevantamentos hidrogr\u00e1ficos altamente precisos s\u00e3o de particular import\u00e2ncia quando se trata de monitorar e gerenciar os efeitos da mudan\u00e7a n\u00edveis do mar, inunda\u00e7\u00f5es ou danos costeiros devido a desastres naturais \u201d, disse o presidente e CEO da Hexagon AB, Ola Roll\u00e9n. (18)<\/p>\n\n\n\n<p><strong>2014<\/strong>&nbsp;\u2013 A Hexagon Leica Geosystems introduz o LiDAR aerotransportado ALS80. Haviam duas variantes denominadas ALS80-CM (City Mapping) e ALS80-HP (High Performance) que ampliaram os recursos de m\u00faltiplos pulsos no ar (MPiA) e uma nova geometria de digitaliza\u00e7\u00e3o que oferece frequ\u00eancia de opera\u00e7\u00e3o de at\u00e9 1 MHz.<\/p>\n\n\n\n<p><strong>2014<\/strong>\u00a0\u2013 A Hexagon Leica Geosystems apresentou sua plataforma LiDAR de mapeamento m\u00f3vel Pegasus: Two. O Pegasus: Two capta dados geoespaciais provenientes de imagens de c\u00e2maras de 4 Mpx acopladas em uma vis\u00e3o esf\u00e9rica de 360\u00b0 e de um sensor LiDAR de acordo com a escolha do cliente. (31)<\/p>\n\n\n\n<p><strong>2014<\/strong>&nbsp;\u2013 A empresa Teledyne Optech Inc. apresentou o ALTM Titan considerado o primeiro LiDAR multispectral do mercado. O equipamento possu\u00eda sensores LiDAR, operando em tr\u00eas comprimentos de onda divididos em uma frequ\u00eancia de opera\u00e7\u00e3o de 900 kHz. Os tr\u00eas comprimentos de onda independentes inclu\u00edam 532 nm para penetra\u00e7\u00e3o de \u00e1gua, 1064 nm para discrimina\u00e7\u00e3o de vegeta\u00e7\u00e3o e 1550 nm para solo e outras caracter\u00edsticas.<\/p>\n\n\n\n<p><strong>2014<\/strong>\u00a0\u2013 A empresa RIEGL LASER Measurement Systems desenvolveu o primeiro sensor LiDAR para RPA (UAV), o modelo VUX-1. O VUX-1 era um sensor LiDAR leve com menos de 4 kg com varredura de 300\u00ba e altura de voo de 300 m. (33)<\/p>\n\n\n\n<p><strong>2014<\/strong>\u00a0\u2013 A empresa RIEGL apresentou na Intergeo 2014 \u2013 Berlin, Alemanha \u2013 a plataforma RiCOPTER. O equipamento \u00e9 um RPA especialmente projetado pela RIEGL para ser equipado com o sensor LiDAR VUX-1. (37)<\/p>\n\n\n\n<p><strong>2014<\/strong>\u00a0\u2013 A empresa RIEGL apresentou na InterGeo 2014 \u2013 Berlim, Alemanha \u2013 O LiDAR terrestre de longo alcance denominado VZ-2000. Segundo o fabricante, o equipamento captura at\u00e9 400.000 pontos por segundo em alvos distantes de at\u00e9 2.000 m. (37)<\/p>\n\n\n\n<p><\/p>\n","protected":false},"excerpt":{"rendered":"<p>2010\u00a0\u2013 Em coopera\u00e7\u00e3o com a Diamond Aircraft Industries, a empresa RIEGL desenvolveu uma solu\u00e7\u00e3o inovadora para miss\u00f5es de LiDAR a\u00e9reo, integrando o equipamento LMS-Q680i no \u201cnariz\u201d da aeronave bimotor DA42 MPP. (40) 2010\u00a0\u2013 A empresa RIEGL lan\u00e7ou o equipamento VQ-580. O VQ-580 operava com frequ\u00eancia de 50 at\u00e9 300 kHz com \u00e2ngulo de abertura de &hellip; <\/p>\n<p class=\"link-more\"><a href=\"https:\/\/www.lidar.com.br\/?page_id=338\" class=\"more-link\">Continue lendo<span class=\"screen-reader-text\"> &#8220;Anos 2010&#8221;<\/span><\/a><\/p>\n","protected":false},"author":1,"featured_media":0,"parent":308,"menu_order":7,"comment_status":"closed","ping_status":"closed","template":"","meta":{"saved_in_kubio":false,"_themeisle_gutenberg_block_has_review":false,"footnotes":""},"class_list":["post-338","page","type-page","status-publish","hentry"],"kubio_ai_page_context":{"short_desc":"","purpose":"general"},"_links":{"self":[{"href":"https:\/\/www.lidar.com.br\/index.php?rest_route=\/wp\/v2\/pages\/338","targetHints":{"allow":["GET"]}}],"collection":[{"href":"https:\/\/www.lidar.com.br\/index.php?rest_route=\/wp\/v2\/pages"}],"about":[{"href":"https:\/\/www.lidar.com.br\/index.php?rest_route=\/wp\/v2\/types\/page"}],"author":[{"embeddable":true,"href":"https:\/\/www.lidar.com.br\/index.php?rest_route=\/wp\/v2\/users\/1"}],"replies":[{"embeddable":true,"href":"https:\/\/www.lidar.com.br\/index.php?rest_route=%2Fwp%2Fv2%2Fcomments&post=338"}],"version-history":[{"count":3,"href":"https:\/\/www.lidar.com.br\/index.php?rest_route=\/wp\/v2\/pages\/338\/revisions"}],"predecessor-version":[{"id":436,"href":"https:\/\/www.lidar.com.br\/index.php?rest_route=\/wp\/v2\/pages\/338\/revisions\/436"}],"up":[{"embeddable":true,"href":"https:\/\/www.lidar.com.br\/index.php?rest_route=\/wp\/v2\/pages\/308"}],"wp:attachment":[{"href":"https:\/\/www.lidar.com.br\/index.php?rest_route=%2Fwp%2Fv2%2Fmedia&parent=338"}],"curies":[{"name":"wp","href":"https:\/\/api.w.org\/{rel}","templated":true}]}}