{"id":330,"date":"2025-06-18T14:39:29","date_gmt":"2025-06-18T14:39:29","guid":{"rendered":"http:\/\/192.168.1.3:1080\/?page_id=330"},"modified":"2025-06-26T18:08:42","modified_gmt":"2025-06-26T18:08:42","slug":"anos-80","status":"publish","type":"page","link":"https:\/\/www.lidar.com.br\/?page_id=330","title":{"rendered":"Anos 80"},"content":{"rendered":"\n<p><strong>1984<\/strong>\u00a0\u2013 O equipamento LARSEN 500 da Optech Inc., um LiDAR batim\u00e9trico aerotransportado, cria a primeira carta hidrogr\u00e1fica derivada de um LiDAR a\u00e9reo, em Cambridge Bay, no \u00c1rtico Canadense. (9)<\/p>\n\n\n\n<p><strong>1985<\/strong>\u00a0\u2013 Uma equipe do Wallops Flight Facility (Goddard Space Flight Center) da NASA liderada por Bill Krabill \u00e9 pioneira no uso de GPS para registro de posicionamento da aeronave durante um levantamento, um avan\u00e7o substancial para o aperfei\u00e7oamento do LiDAR A\u00e9reo usado em mapeamento topogr\u00e1fico. <\/p>\n\n\n\n<p><strong>1989<\/strong>\u00a0\u2013 A empresa Optech Inc. apresentou um sistema de perfilamento a\u00e9reo denominado 501 SX. O modelo 501 SX usou um LASER de diodo semicondutor de GaAs (Arsenieto de G\u00e1lio), operando no comprimento de onda de 904 nm e com frequ\u00eancia de opera\u00e7\u00e3o de at\u00e9 2 kHz. (20)<\/p>\n\n\n\n<p><\/p>\n","protected":false},"excerpt":{"rendered":"<p>1984\u00a0\u2013 O equipamento LARSEN 500 da Optech Inc., um LiDAR batim\u00e9trico aerotransportado, cria a primeira carta hidrogr\u00e1fica derivada de um LiDAR a\u00e9reo, em Cambridge Bay, no \u00c1rtico Canadense. (9) 1985\u00a0\u2013 Uma equipe do Wallops Flight Facility (Goddard Space Flight Center) da NASA liderada por Bill Krabill \u00e9 pioneira no uso de GPS para registro de &hellip; <\/p>\n<p class=\"link-more\"><a href=\"https:\/\/www.lidar.com.br\/?page_id=330\" class=\"more-link\">Continue lendo<span class=\"screen-reader-text\"> &#8220;Anos 80&#8221;<\/span><\/a><\/p>\n","protected":false},"author":1,"featured_media":0,"parent":308,"menu_order":3,"comment_status":"closed","ping_status":"closed","template":"","meta":{"saved_in_kubio":false,"_themeisle_gutenberg_block_has_review":false,"footnotes":""},"class_list":["post-330","page","type-page","status-publish","hentry"],"kubio_ai_page_context":{"short_desc":"","purpose":"general"},"_links":{"self":[{"href":"https:\/\/www.lidar.com.br\/index.php?rest_route=\/wp\/v2\/pages\/330","targetHints":{"allow":["GET"]}}],"collection":[{"href":"https:\/\/www.lidar.com.br\/index.php?rest_route=\/wp\/v2\/pages"}],"about":[{"href":"https:\/\/www.lidar.com.br\/index.php?rest_route=\/wp\/v2\/types\/page"}],"author":[{"embeddable":true,"href":"https:\/\/www.lidar.com.br\/index.php?rest_route=\/wp\/v2\/users\/1"}],"replies":[{"embeddable":true,"href":"https:\/\/www.lidar.com.br\/index.php?rest_route=%2Fwp%2Fv2%2Fcomments&post=330"}],"version-history":[{"count":3,"href":"https:\/\/www.lidar.com.br\/index.php?rest_route=\/wp\/v2\/pages\/330\/revisions"}],"predecessor-version":[{"id":427,"href":"https:\/\/www.lidar.com.br\/index.php?rest_route=\/wp\/v2\/pages\/330\/revisions\/427"}],"up":[{"embeddable":true,"href":"https:\/\/www.lidar.com.br\/index.php?rest_route=\/wp\/v2\/pages\/308"}],"wp:attachment":[{"href":"https:\/\/www.lidar.com.br\/index.php?rest_route=%2Fwp%2Fv2%2Fmedia&parent=330"}],"curies":[{"name":"wp","href":"https:\/\/api.w.org\/{rel}","templated":true}]}}