{"id":328,"date":"2025-06-18T14:38:48","date_gmt":"2025-06-18T14:38:48","guid":{"rendered":"http:\/\/192.168.1.3:1080\/?page_id=328"},"modified":"2025-06-26T18:07:53","modified_gmt":"2025-06-26T18:07:53","slug":"anos-70","status":"publish","type":"page","link":"https:\/\/www.lidar.com.br\/?page_id=328","title":{"rendered":"Anos 70"},"content":{"rendered":"\n<p><strong>1974<\/strong>&nbsp;\u2013 O f\u00edsico da Universidade de York (Canad\u00e1) Allan Carswell e sua esposa Helen fundam a empresa Optech Inc., uma das pioneiras no desenvolvimento de equipamentos LiDAR.<\/p>\n\n\n\n<p><strong>1977<\/strong>\u00a0\u2013 Primeiros voos do equipamento Airborne Oceanographic LiDAR (AOL) da Wallops Flight Facility (Goddard Space Flight Center) da NASA, capaz de medir o relevo topogr\u00e1fico ou a profundidade da \u00e1gua com 0,30 m de qualidade vertical. (7)<\/p>\n\n\n\n<p><strong>1978<\/strong>\u00a0\u2013 Johannes Riegl funda a empresa RIEGL LASER Measurement Systems (LMS) para fabrica\u00e7\u00e3o de equipamentos com a tecnologia LiDAR em fun\u00e7\u00e3o de seus estudos e pesquisas que come\u00e7aram na Universidade de Tecnologia de Viena em 1968. (8)<\/p>\n\n\n\n<p><strong>1979<\/strong>\u00a0\u2013 A empresa Avco Everett (Massachusetts, EUA) produziu um sistema de mapeamento chamado Avco Airborne LASER. Este equipamento utilizava um diodo semicondutor de LASER Nd:YAG como disparador de pulso e usava um girosc\u00f3pio de dois eixos para medir a atitude da aeronave e ajudar a localizar a posi\u00e7\u00e3o do ponto LASER no terreno. Um LASER Nd-YAG (acr\u00f4nimo do ingl\u00eas neodymium-doped yttrium aluminium garnet) \u00e9 um dispositivo de emiss\u00e3o LASER de estado s\u00f3lido que possui \u00f3xido de \u00edtrio e alum\u00ednio cristalino. (20)<\/p>\n","protected":false},"excerpt":{"rendered":"<p>1974&nbsp;\u2013 O f\u00edsico da Universidade de York (Canad\u00e1) Allan Carswell e sua esposa Helen fundam a empresa Optech Inc., uma das pioneiras no desenvolvimento de equipamentos LiDAR. 1977\u00a0\u2013 Primeiros voos do equipamento Airborne Oceanographic LiDAR (AOL) da Wallops Flight Facility (Goddard Space Flight Center) da NASA, capaz de medir o relevo topogr\u00e1fico ou a profundidade &hellip; <\/p>\n<p class=\"link-more\"><a href=\"https:\/\/www.lidar.com.br\/?page_id=328\" class=\"more-link\">Continue lendo<span class=\"screen-reader-text\"> &#8220;Anos 70&#8221;<\/span><\/a><\/p>\n","protected":false},"author":1,"featured_media":0,"parent":308,"menu_order":2,"comment_status":"closed","ping_status":"closed","template":"","meta":{"saved_in_kubio":false,"_themeisle_gutenberg_block_has_review":false,"footnotes":""},"class_list":["post-328","page","type-page","status-publish","hentry"],"kubio_ai_page_context":{"short_desc":"","purpose":"general"},"_links":{"self":[{"href":"https:\/\/www.lidar.com.br\/index.php?rest_route=\/wp\/v2\/pages\/328","targetHints":{"allow":["GET"]}}],"collection":[{"href":"https:\/\/www.lidar.com.br\/index.php?rest_route=\/wp\/v2\/pages"}],"about":[{"href":"https:\/\/www.lidar.com.br\/index.php?rest_route=\/wp\/v2\/types\/page"}],"author":[{"embeddable":true,"href":"https:\/\/www.lidar.com.br\/index.php?rest_route=\/wp\/v2\/users\/1"}],"replies":[{"embeddable":true,"href":"https:\/\/www.lidar.com.br\/index.php?rest_route=%2Fwp%2Fv2%2Fcomments&post=328"}],"version-history":[{"count":2,"href":"https:\/\/www.lidar.com.br\/index.php?rest_route=\/wp\/v2\/pages\/328\/revisions"}],"predecessor-version":[{"id":425,"href":"https:\/\/www.lidar.com.br\/index.php?rest_route=\/wp\/v2\/pages\/328\/revisions\/425"}],"up":[{"embeddable":true,"href":"https:\/\/www.lidar.com.br\/index.php?rest_route=\/wp\/v2\/pages\/308"}],"wp:attachment":[{"href":"https:\/\/www.lidar.com.br\/index.php?rest_route=%2Fwp%2Fv2%2Fmedia&parent=328"}],"curies":[{"name":"wp","href":"https:\/\/api.w.org\/{rel}","templated":true}]}}