{"id":326,"date":"2025-06-18T14:38:03","date_gmt":"2025-06-18T14:38:03","guid":{"rendered":"http:\/\/192.168.1.3:1080\/?page_id=326"},"modified":"2025-06-26T18:04:58","modified_gmt":"2025-06-26T18:04:58","slug":"anos-60","status":"publish","type":"page","link":"https:\/\/www.lidar.com.br\/?page_id=326","title":{"rendered":"Anos 60"},"content":{"rendered":"\n<p><strong>1917<\/strong>\u00a0\u2013 Einstein prop\u00f5e a Emiss\u00e3o Estimulada(2), a base te\u00f3rica para o LASER.<\/p>\n\n\n\n<p><strong>1953<\/strong>\u00a0\u2013 A equipe da Columbia University, liderada por Charles Townes, constr\u00f3i o MASER (Microwave Amplification by Stimulated Emission of Radiation), a primeira manifesta\u00e7\u00e3o da teoria de Emiss\u00e3o Estimulada (2) de Einstein.<\/p>\n\n\n\n<p><strong>1960<\/strong>\u00a0\u2013 Theodore Maiman, pesquisador da Hughes Aircraft Co, demonstra o primeiro LASER. (3)<\/p>\n\n\n\n<p><strong>1961<\/strong>\u00a0\u2013 Hughes Research Labs, uma divis\u00e3o de pesquisa da Hughes Aircraft Co. do milion\u00e1rio Howard Hughes, constr\u00f3i primeiro prot\u00f3tipo LiDAR (conhecido como RADAR LASER). (4)<\/p>\n\n\n\n<p><strong>1964<\/strong>\u00a0\u2013 A equipe do Goddard Space Flight Center da NASA, liderada por Henry Plotkin, fez a primeira medida de um sat\u00e9lite em \u00f3rbita, usando LASER. (5)<\/p>\n\n\n\n<p><strong>1965<\/strong>\u00a0\u2013 Os alt\u00edmetros a LASER foram criados para uso em aeronaves como, por exemplo, no Reino Unido, um alt\u00edmetro a LASER experimental, usando um semicondutor de GaAs. Este dispositivo podia medir alturas de voo de 1000 p\u00e9s (300m) acima do n\u00edvel do solo com uma precis\u00e3o de 5 p\u00e9s (1,5 m). (20)<\/p>\n\n\n\n<p><strong>1965<\/strong>\u00a0\u2013 O primeiro Perfilador Aerotransportado a LASER foi usado comercialmente em mapeamento topogr\u00e1fico. O equipamento foi desenvolvido pela Spectra Physics Co. (que construiu o LASER de g\u00e1s h\u00e9lio-neon) e a Aero Service Co., na \u00e9poca uma empresa de levantamentos a\u00e9reos e mapeamento que era de propriedade da Litton Industries. O equipamento operava com frequ\u00eancias de 1, 5 e 25KHz a uma altura de voo de at\u00e9 1.500 m. (20)<\/p>\n\n\n\n<p><strong>1968<\/strong>\u00a0\u2013 George D. Hickman (Sparcom Inc.) voa com o primeiro LiDAR Batim\u00e9trico sobre o Lago Ont\u00e1rio. (6)<\/p>\n","protected":false},"excerpt":{"rendered":"<p>1917\u00a0\u2013 Einstein prop\u00f5e a Emiss\u00e3o Estimulada(2), a base te\u00f3rica para o LASER. 1953\u00a0\u2013 A equipe da Columbia University, liderada por Charles Townes, constr\u00f3i o MASER (Microwave Amplification by Stimulated Emission of Radiation), a primeira manifesta\u00e7\u00e3o da teoria de Emiss\u00e3o Estimulada (2) de Einstein. 1960\u00a0\u2013 Theodore Maiman, pesquisador da Hughes Aircraft Co, demonstra o primeiro LASER. &hellip; <\/p>\n<p class=\"link-more\"><a href=\"https:\/\/www.lidar.com.br\/?page_id=326\" class=\"more-link\">Continue lendo<span class=\"screen-reader-text\"> &#8220;Anos 60&#8221;<\/span><\/a><\/p>\n","protected":false},"author":1,"featured_media":0,"parent":308,"menu_order":1,"comment_status":"closed","ping_status":"closed","template":"","meta":{"saved_in_kubio":false,"_themeisle_gutenberg_block_has_review":false,"footnotes":""},"class_list":["post-326","page","type-page","status-publish","hentry"],"kubio_ai_page_context":{"short_desc":"","purpose":"general"},"_links":{"self":[{"href":"https:\/\/www.lidar.com.br\/index.php?rest_route=\/wp\/v2\/pages\/326","targetHints":{"allow":["GET"]}}],"collection":[{"href":"https:\/\/www.lidar.com.br\/index.php?rest_route=\/wp\/v2\/pages"}],"about":[{"href":"https:\/\/www.lidar.com.br\/index.php?rest_route=\/wp\/v2\/types\/page"}],"author":[{"embeddable":true,"href":"https:\/\/www.lidar.com.br\/index.php?rest_route=\/wp\/v2\/users\/1"}],"replies":[{"embeddable":true,"href":"https:\/\/www.lidar.com.br\/index.php?rest_route=%2Fwp%2Fv2%2Fcomments&post=326"}],"version-history":[{"count":3,"href":"https:\/\/www.lidar.com.br\/index.php?rest_route=\/wp\/v2\/pages\/326\/revisions"}],"predecessor-version":[{"id":424,"href":"https:\/\/www.lidar.com.br\/index.php?rest_route=\/wp\/v2\/pages\/326\/revisions\/424"}],"up":[{"embeddable":true,"href":"https:\/\/www.lidar.com.br\/index.php?rest_route=\/wp\/v2\/pages\/308"}],"wp:attachment":[{"href":"https:\/\/www.lidar.com.br\/index.php?rest_route=%2Fwp%2Fv2%2Fmedia&parent=326"}],"curies":[{"name":"wp","href":"https:\/\/api.w.org\/{rel}","templated":true}]}}