{"id":308,"date":"2025-06-18T14:15:20","date_gmt":"2025-06-18T14:15:20","guid":{"rendered":"http:\/\/192.168.1.3:1080\/?page_id=308"},"modified":"2025-06-18T14:49:12","modified_gmt":"2025-06-18T14:49:12","slug":"linha-de-tempo","status":"publish","type":"page","link":"https:\/\/www.lidar.com.br\/?page_id=308","title":{"rendered":"Linha de Tempo"},"content":{"rendered":"\n<p>A linha de tempo do LiDAR tem a inten\u00e7\u00e3o de demonstrar a evolu\u00e7\u00e3o tecnol\u00f3gica que o LiDAR teve desde as primeiras pesquisas realizadas com LASER principalmente na \u00e1rea da medi\u00e7\u00e3o topogr\u00e1fica com plataforma a\u00e9rea, terrestre fixa e m\u00f3vel, na batimetria e com plataforma RPA (Remote Piloted Aircraft).<\/p>\n\n\n\n<p>Os eventos selecionados aqui provavelmente n\u00e3o esgotam e n\u00e3o demonstram fielmente todas as etapas desta evolu\u00e7\u00e3o, mas s\u00e3o suficientes para pontuar situa\u00e7\u00f5es que foram determinantes para o atual est\u00e1gio de desenvolvimento que a tecnologia se encontra.<\/p>\n\n\n\n<p>A maior parte dos eventos registrados est\u00e1 referenciada \u00e0s publica\u00e7\u00f5es, blogs, comunicados \u00e0 imprensa especializada, sites de fabricantes e outros documentos encontrados na web. Clique em Refer\u00eancias para uma lista do material de consulta.<\/p>\n","protected":false},"excerpt":{"rendered":"<p>A linha de tempo do LiDAR tem a inten\u00e7\u00e3o de demonstrar a evolu\u00e7\u00e3o tecnol\u00f3gica que o LiDAR teve desde as primeiras pesquisas realizadas com LASER principalmente na \u00e1rea da medi\u00e7\u00e3o topogr\u00e1fica com plataforma a\u00e9rea, terrestre fixa e m\u00f3vel, na batimetria e com plataforma RPA (Remote Piloted Aircraft). Os eventos selecionados aqui provavelmente n\u00e3o esgotam e &hellip; <\/p>\n<p class=\"link-more\"><a href=\"https:\/\/www.lidar.com.br\/?page_id=308\" class=\"more-link\">Continue lendo<span class=\"screen-reader-text\"> &#8220;Linha de Tempo&#8221;<\/span><\/a><\/p>\n","protected":false},"author":1,"featured_media":0,"parent":0,"menu_order":0,"comment_status":"closed","ping_status":"closed","template":"","meta":{"saved_in_kubio":false,"_themeisle_gutenberg_block_has_review":false,"footnotes":""},"class_list":["post-308","page","type-page","status-publish","hentry"],"kubio_ai_page_context":{"short_desc":"","purpose":"general"},"_links":{"self":[{"href":"https:\/\/www.lidar.com.br\/index.php?rest_route=\/wp\/v2\/pages\/308","targetHints":{"allow":["GET"]}}],"collection":[{"href":"https:\/\/www.lidar.com.br\/index.php?rest_route=\/wp\/v2\/pages"}],"about":[{"href":"https:\/\/www.lidar.com.br\/index.php?rest_route=\/wp\/v2\/types\/page"}],"author":[{"embeddable":true,"href":"https:\/\/www.lidar.com.br\/index.php?rest_route=\/wp\/v2\/users\/1"}],"replies":[{"embeddable":true,"href":"https:\/\/www.lidar.com.br\/index.php?rest_route=%2Fwp%2Fv2%2Fcomments&post=308"}],"version-history":[{"count":2,"href":"https:\/\/www.lidar.com.br\/index.php?rest_route=\/wp\/v2\/pages\/308\/revisions"}],"predecessor-version":[{"id":353,"href":"https:\/\/www.lidar.com.br\/index.php?rest_route=\/wp\/v2\/pages\/308\/revisions\/353"}],"wp:attachment":[{"href":"https:\/\/www.lidar.com.br\/index.php?rest_route=%2Fwp%2Fv2%2Fmedia&parent=308"}],"curies":[{"name":"wp","href":"https:\/\/api.w.org\/{rel}","templated":true}]}}