{"id":302,"date":"2025-06-18T14:03:18","date_gmt":"2025-06-18T14:03:18","guid":{"rendered":"http:\/\/192.168.1.3:1080\/?page_id=302"},"modified":"2025-06-27T14:38:16","modified_gmt":"2025-06-27T14:38:16","slug":"photon-lidar","status":"publish","type":"page","link":"https:\/\/www.lidar.com.br\/?page_id=302","title":{"rendered":"Photon-LiDAR"},"content":{"rendered":"\n<p>Nos sistemas LiDAR pulsados, um pulso LASER fornece dados sobre a reflex\u00e3o e a dist\u00e2ncia, donde derivam a posi\u00e7\u00e3o espacial deste ponto.<\/p>\n\n\n\n<p>Em contraste, o Photon LiDAR cria uma matriz de pontos a partir de um \u00fanico pulso disparado pelo sistema, ou seja, um pulso \u00e9 dividido em dezenas ou centenas de subpulsos.<\/p>\n\n\n\n<p>O tamanho da matriz pode ser definido pelo sistema. Por exemplo, uma matriz de 10 por 10 subpulsos permite que apenas um pulso capture uma nuvem de at\u00e9 100 pontos. Os retornos dos subpulsos individuais s\u00e3o capturados por um receptor que tamb\u00e9m consiste em uma matriz de 10 por 10 no caso.<\/p>\n\n\n<div class=\"wp-block-image\">\n<figure class=\"aligncenter size-full\" id=\"attachment_233\"><img loading=\"lazy\" decoding=\"async\" width=\"537\" height=\"341\" src=\"https:\/\/www.lidar.com.br\/wp-content\/uploads\/2025\/06\/ComparacaoPhotonLiDAR.jpg\" alt=\"\" class=\"wp-image-478\" srcset=\"https:\/\/www.lidar.com.br\/wp-content\/uploads\/2025\/06\/ComparacaoPhotonLiDAR.jpg 537w, https:\/\/www.lidar.com.br\/wp-content\/uploads\/2025\/06\/ComparacaoPhotonLiDAR-300x191.jpg 300w\" sizes=\"(max-width: 537px) 100vw, 537px\" \/><figcaption class=\"wp-element-caption\">Compara\u00e7\u00e3o de Photon LiDAR, Waveform e LiDAR pulsado na intera\u00e7\u00e3o com uma copa de \u00e1rvore (Cortesia de D. Harding, NASA GSFC) \u2013 Adaptado de Scanning, Multibeam, Single Photon Lidars for Rapid, Large Scale, High Resolution, Topographic and Bathymetric Mapping &#8211; John J. Degnan \u2013 Remote Sensing &#8211; 2016.<\/figcaption><\/figure><\/div>\n\n\n<p>Assim, um pulso n\u00e3o cobre uma \u00e1rea de diverg\u00eancia do LASER, como o LiDAR convencional, mas captura v\u00e1rios pontos adjacentes individuais, resultando em uma densidade de ponto alta.<\/p>\n\n\n\n<p>Como resultado, a dist\u00e2ncia do sensor ao objeto pode ser muito maior do que a do equipamento convencional. Da mesma forma, a largura da faixa pode ser maior, o que reduz o n\u00famero de linhas de voo e, portanto, o tempo de aquisi\u00e7\u00e3o de dados, sem afetar a densidade de pontos.<\/p>\n","protected":false},"excerpt":{"rendered":"<p>Nos sistemas LiDAR pulsados, um pulso LASER fornece dados sobre a reflex\u00e3o e a dist\u00e2ncia, donde derivam a posi\u00e7\u00e3o espacial deste ponto. Em contraste, o Photon LiDAR cria uma matriz de pontos a partir de um \u00fanico pulso disparado pelo sistema, ou seja, um pulso \u00e9 dividido em dezenas ou centenas de subpulsos. O tamanho &hellip; <\/p>\n<p class=\"link-more\"><a href=\"https:\/\/www.lidar.com.br\/?page_id=302\" class=\"more-link\">Continue lendo<span class=\"screen-reader-text\"> &#8220;Photon-LiDAR&#8221;<\/span><\/a><\/p>\n","protected":false},"author":1,"featured_media":0,"parent":183,"menu_order":6,"comment_status":"closed","ping_status":"closed","template":"","meta":{"saved_in_kubio":false,"_themeisle_gutenberg_block_has_review":false,"footnotes":""},"class_list":["post-302","page","type-page","status-publish","hentry"],"kubio_ai_page_context":{"short_desc":"","purpose":"general"},"_links":{"self":[{"href":"https:\/\/www.lidar.com.br\/index.php?rest_route=\/wp\/v2\/pages\/302","targetHints":{"allow":["GET"]}}],"collection":[{"href":"https:\/\/www.lidar.com.br\/index.php?rest_route=\/wp\/v2\/pages"}],"about":[{"href":"https:\/\/www.lidar.com.br\/index.php?rest_route=\/wp\/v2\/types\/page"}],"author":[{"embeddable":true,"href":"https:\/\/www.lidar.com.br\/index.php?rest_route=\/wp\/v2\/users\/1"}],"replies":[{"embeddable":true,"href":"https:\/\/www.lidar.com.br\/index.php?rest_route=%2Fwp%2Fv2%2Fcomments&post=302"}],"version-history":[{"count":3,"href":"https:\/\/www.lidar.com.br\/index.php?rest_route=\/wp\/v2\/pages\/302\/revisions"}],"predecessor-version":[{"id":480,"href":"https:\/\/www.lidar.com.br\/index.php?rest_route=\/wp\/v2\/pages\/302\/revisions\/480"}],"up":[{"embeddable":true,"href":"https:\/\/www.lidar.com.br\/index.php?rest_route=\/wp\/v2\/pages\/183"}],"wp:attachment":[{"href":"https:\/\/www.lidar.com.br\/index.php?rest_route=%2Fwp%2Fv2%2Fmedia&parent=302"}],"curies":[{"name":"wp","href":"https:\/\/api.w.org\/{rel}","templated":true}]}}