{"id":300,"date":"2025-06-18T14:02:24","date_gmt":"2025-06-18T14:02:24","guid":{"rendered":"http:\/\/192.168.1.3:1080\/?page_id=300"},"modified":"2025-06-27T14:36:51","modified_gmt":"2025-06-27T14:36:51","slug":"pulsos-multiplos-no-ar","status":"publish","type":"page","link":"https:\/\/www.lidar.com.br\/?page_id=300","title":{"rendered":"Pulsos M\u00faltiplos no Ar"},"content":{"rendered":"\n<p>A densidade de pontos formadores da nuvem depende de alguns par\u00e2metros do sistema que incluem a frequ\u00eancia de opera\u00e7\u00e3o, velocidade de giro do espelho da varredura, abertura do feixe de pulsos, a velocidade da aeronave e a altura do voo.<\/p>\n\n\n<div class=\"wp-block-image\">\n<figure class=\"aligncenter size-full\" id=\"attachment_229\"><img loading=\"lazy\" decoding=\"async\" width=\"426\" height=\"392\" src=\"https:\/\/www.lidar.com.br\/wp-content\/uploads\/2025\/06\/PulsosMultiplosAr.png\" alt=\"\" class=\"wp-image-474\" srcset=\"https:\/\/www.lidar.com.br\/wp-content\/uploads\/2025\/06\/PulsosMultiplosAr.png 426w, https:\/\/www.lidar.com.br\/wp-content\/uploads\/2025\/06\/PulsosMultiplosAr-300x276.png 300w\" sizes=\"(max-width: 426px) 100vw, 426px\" \/><figcaption class=\"wp-element-caption\">Rela\u00e7\u00e3o entre a densidade da nuvem de pontos, a altura do voo, velocidade da aeronave, abertura do feixe para um determinado equipamento LiDAR &#8211; Adaptado de RIEGL VQ-380 specs sheet<\/figcaption><\/figure><\/div>\n\n\n<p>Uma das limita\u00e7\u00f5es dos primeiros equipamentos LiDAR a\u00e9reos para uma maior densidade de pontos era que o retorno do pulso anterior tinha que ser capturado pelo sensor antes do pr\u00f3ximo pulso ser emitido. Isso era necess\u00e1rio para evitar que o sistema misturasse os retornos dos pulsos subsequentes.<\/p>\n\n\n\n<p>O emissor do pulso gera essas pulsa\u00e7\u00f5es de luz de maneira extremamente r\u00e1pida (at\u00e9 centenas de milhares de vezes por segundo), mas a velocidade de luz \u00e9 tal que o sensor do receptor \u00e9 sensibilizado pelo retorno do pulso antes que a pr\u00f3xima pulsa\u00e7\u00e3o seja emitida.<\/p>\n\n\n\n<p>De uma maneira simplista, o tempo para o pulso emitido ir at\u00e9 a superf\u00edcie e retornar ap\u00f3s a reflex\u00e3o, multiplicado pela velocidade da luz e dividido por dois, resulta na dist\u00e2ncia ao solo ou objeto a partir do sensor.<\/p>\n\n\n\n<p>Por exemplo, em uma altura de voo de 1.000 m, sendo a velocidade da luz ( c ) aproximadamente 299.792 Km\/segundos, a frequ\u00eancia de opera\u00e7\u00e3o do equipamento n\u00e3o pode exceder 150 KHz ou 150.000 pulsos por segundo, mantendo a integridade de cada pulso.<\/p>\n\n\n<div class=\"wp-block-image\">\n<figure class=\"aligncenter size-full\" id=\"attachment_231\"><img loading=\"lazy\" decoding=\"async\" width=\"567\" height=\"333\" src=\"https:\/\/www.lidar.com.br\/wp-content\/uploads\/2025\/06\/LimitacaoTecnicaPulsosAr.jpg\" alt=\"\" class=\"wp-image-476\" srcset=\"https:\/\/www.lidar.com.br\/wp-content\/uploads\/2025\/06\/LimitacaoTecnicaPulsosAr.jpg 567w, https:\/\/www.lidar.com.br\/wp-content\/uploads\/2025\/06\/LimitacaoTecnicaPulsosAr-300x176.jpg 300w\" sizes=\"(max-width: 567px) 100vw, 567px\" \/><figcaption class=\"wp-element-caption\">Limita\u00e7\u00e3o t\u00e9cnica de pulsos LASER no ar &#8211; Adaptado de Leica LiDAR Solutions \u2013 Hexagon &#8211; Abril 2011<\/figcaption><\/figure><\/div>\n\n\n<p>No entanto, usando solu\u00e7\u00f5es inteligentes, os fabricantes desenvolveram o conceito de m\u00faltiplos pulsos no ar (MPiA \u2013 Multiple Pulses in the Air) que resolveu parte do problema de limita\u00e7\u00e3o da frequ\u00eancia de opera\u00e7\u00e3o.<\/p>\n\n\n\n<p>O aumento da frequ\u00eancia de opera\u00e7\u00e3o foi conseguida com solu\u00e7\u00f5es que combinam dois sistemas emissores-receptores em um \u00fanico conjunto. Em 2014, a empresa sueca Airborne Hidrography AB (AHAB), adquirida pela Hexagon Leica Geosystems em 2013, lan\u00e7ou um equipamento com dois escaners com frequ\u00eancia de opera\u00e7\u00e3o de 500.000 pulsos por segundo. O sistema foi projetado especificamente para ambientes urbanos com edifica\u00e7\u00f5es elevadas e pr\u00f3ximas que dificultam o mapeamento.<\/p>\n\n\n\n<p>O fabricante RIEGL apresentou um sistema Dual-Channel VQ-1560i em 2016. Este sistema de processamento tipo waveform tem uma frequ\u00eancia de opera\u00e7\u00e3o de 1,3 milh\u00f5es medi\u00e7\u00f5es por segundo. A altura nominal de opera\u00e7\u00e3o \u00e9 de 5 km, tornando o sistema adequado para mapeamento de grandes \u00e1reas, ambientes urbanos complexos, modelagem urbana e outros.<\/p>\n","protected":false},"excerpt":{"rendered":"<p>A densidade de pontos formadores da nuvem depende de alguns par\u00e2metros do sistema que incluem a frequ\u00eancia de opera\u00e7\u00e3o, velocidade de giro do espelho da varredura, abertura do feixe de pulsos, a velocidade da aeronave e a altura do voo. Uma das limita\u00e7\u00f5es dos primeiros equipamentos LiDAR a\u00e9reos para uma maior densidade de pontos era &hellip; <\/p>\n<p class=\"link-more\"><a href=\"https:\/\/www.lidar.com.br\/?page_id=300\" class=\"more-link\">Continue lendo<span class=\"screen-reader-text\"> &#8220;Pulsos M\u00faltiplos no Ar&#8221;<\/span><\/a><\/p>\n","protected":false},"author":1,"featured_media":0,"parent":183,"menu_order":5,"comment_status":"closed","ping_status":"closed","template":"","meta":{"saved_in_kubio":false,"_themeisle_gutenberg_block_has_review":false,"footnotes":""},"class_list":["post-300","page","type-page","status-publish","hentry"],"kubio_ai_page_context":{"short_desc":"","purpose":"general"},"_links":{"self":[{"href":"https:\/\/www.lidar.com.br\/index.php?rest_route=\/wp\/v2\/pages\/300","targetHints":{"allow":["GET"]}}],"collection":[{"href":"https:\/\/www.lidar.com.br\/index.php?rest_route=\/wp\/v2\/pages"}],"about":[{"href":"https:\/\/www.lidar.com.br\/index.php?rest_route=\/wp\/v2\/types\/page"}],"author":[{"embeddable":true,"href":"https:\/\/www.lidar.com.br\/index.php?rest_route=\/wp\/v2\/users\/1"}],"replies":[{"embeddable":true,"href":"https:\/\/www.lidar.com.br\/index.php?rest_route=%2Fwp%2Fv2%2Fcomments&post=300"}],"version-history":[{"count":3,"href":"https:\/\/www.lidar.com.br\/index.php?rest_route=\/wp\/v2\/pages\/300\/revisions"}],"predecessor-version":[{"id":477,"href":"https:\/\/www.lidar.com.br\/index.php?rest_route=\/wp\/v2\/pages\/300\/revisions\/477"}],"up":[{"embeddable":true,"href":"https:\/\/www.lidar.com.br\/index.php?rest_route=\/wp\/v2\/pages\/183"}],"wp:attachment":[{"href":"https:\/\/www.lidar.com.br\/index.php?rest_route=%2Fwp%2Fv2%2Fmedia&parent=300"}],"curies":[{"name":"wp","href":"https:\/\/api.w.org\/{rel}","templated":true}]}}