{"id":298,"date":"2025-06-18T14:01:09","date_gmt":"2025-06-18T14:01:09","guid":{"rendered":"http:\/\/192.168.1.3:1080\/?page_id=298"},"modified":"2025-06-27T14:34:15","modified_gmt":"2025-06-27T14:34:15","slug":"lidar-multispectral","status":"publish","type":"page","link":"https:\/\/www.lidar.com.br\/?page_id=298","title":{"rendered":"LiDAR Multispectral"},"content":{"rendered":"\n<p>O LiDAR Multispectral \u00e9 um desenvolvimento da ind\u00fastria com o objetivo de incrementar os atributos de um ponto LASER.<\/p>\n\n\n\n<p>Em 2014, a empresa Teledyne Optech apresentou ao mercado um equipamento LiDAR com a capacidade de operar em tr\u00eas comprimentos de onda distintos (532\u03b7m, 1.064\u03b7m e 1.550\u03b7m), cada um com uma frequ\u00eancia de opera\u00e7\u00e3o efetiva de 300 kHz que combinados totalizavam de 900 kHz.<\/p>\n\n\n<div class=\"wp-block-image\">\n<figure class=\"aligncenter size-full\" id=\"attachment_226\"><img loading=\"lazy\" decoding=\"async\" width=\"567\" height=\"356\" src=\"https:\/\/www.lidar.com.br\/wp-content\/uploads\/2025\/06\/ComprimentoOnda.png\" alt=\"\" class=\"wp-image-472\" srcset=\"https:\/\/www.lidar.com.br\/wp-content\/uploads\/2025\/06\/ComprimentoOnda.png 567w, https:\/\/www.lidar.com.br\/wp-content\/uploads\/2025\/06\/ComprimentoOnda-300x188.png 300w\" sizes=\"(max-width: 567px) 100vw, 567px\" \/><figcaption class=\"wp-element-caption\">Comprimento de Onda de Emissor e sua Caracteriza\u00e7\u00e3o no Espectro &#8211; Adaptado de Optech Titan Multispectral Lidar System Specs Sheet &#8211; Teledyne Optech<\/figcaption><\/figure><\/div>\n\n\n<p>Assim, a intensidade de retorno para cada comprimento de onda do LASER \u00e9 diferente, dando a capacidade de interpreta\u00e7\u00e3o multiespectral dos retornos de pulso devolvidos pela reflex\u00e3o no terreno.<\/p>\n\n\n\n<p>Os poss\u00edveis usos deste incremento incluem classifica\u00e7\u00e3o 3D da cobertura do terreno, modelagem ambiental, mapeamento de vegeta\u00e7\u00e3o e batimetria de \u00e1guas rasas.<\/p>\n","protected":false},"excerpt":{"rendered":"<p>O LiDAR Multispectral \u00e9 um desenvolvimento da ind\u00fastria com o objetivo de incrementar os atributos de um ponto LASER. Em 2014, a empresa Teledyne Optech apresentou ao mercado um equipamento LiDAR com a capacidade de operar em tr\u00eas comprimentos de onda distintos (532\u03b7m, 1.064\u03b7m e 1.550\u03b7m), cada um com uma frequ\u00eancia de opera\u00e7\u00e3o efetiva de &hellip; <\/p>\n<p class=\"link-more\"><a href=\"https:\/\/www.lidar.com.br\/?page_id=298\" class=\"more-link\">Continue lendo<span class=\"screen-reader-text\"> &#8220;LiDAR Multispectral&#8221;<\/span><\/a><\/p>\n","protected":false},"author":1,"featured_media":0,"parent":183,"menu_order":4,"comment_status":"closed","ping_status":"closed","template":"","meta":{"saved_in_kubio":false,"_themeisle_gutenberg_block_has_review":false,"footnotes":""},"class_list":["post-298","page","type-page","status-publish","hentry"],"kubio_ai_page_context":{"short_desc":"","purpose":"general"},"_links":{"self":[{"href":"https:\/\/www.lidar.com.br\/index.php?rest_route=\/wp\/v2\/pages\/298","targetHints":{"allow":["GET"]}}],"collection":[{"href":"https:\/\/www.lidar.com.br\/index.php?rest_route=\/wp\/v2\/pages"}],"about":[{"href":"https:\/\/www.lidar.com.br\/index.php?rest_route=\/wp\/v2\/types\/page"}],"author":[{"embeddable":true,"href":"https:\/\/www.lidar.com.br\/index.php?rest_route=\/wp\/v2\/users\/1"}],"replies":[{"embeddable":true,"href":"https:\/\/www.lidar.com.br\/index.php?rest_route=%2Fwp%2Fv2%2Fcomments&post=298"}],"version-history":[{"count":2,"href":"https:\/\/www.lidar.com.br\/index.php?rest_route=\/wp\/v2\/pages\/298\/revisions"}],"predecessor-version":[{"id":473,"href":"https:\/\/www.lidar.com.br\/index.php?rest_route=\/wp\/v2\/pages\/298\/revisions\/473"}],"up":[{"embeddable":true,"href":"https:\/\/www.lidar.com.br\/index.php?rest_route=\/wp\/v2\/pages\/183"}],"wp:attachment":[{"href":"https:\/\/www.lidar.com.br\/index.php?rest_route=%2Fwp%2Fv2%2Fmedia&parent=298"}],"curies":[{"name":"wp","href":"https:\/\/api.w.org\/{rel}","templated":true}]}}