{"id":191,"date":"2025-06-17T17:58:49","date_gmt":"2025-06-17T17:58:49","guid":{"rendered":"http:\/\/192.168.1.3:1080\/?page_id=191"},"modified":"2025-06-27T14:05:16","modified_gmt":"2025-06-27T14:05:16","slug":"retorno-do-pulso-laser","status":"publish","type":"page","link":"https:\/\/www.lidar.com.br\/?page_id=191","title":{"rendered":"Retorno do Pulso LASER"},"content":{"rendered":"\n<p><\/p>\n\n\n\n<p>Outra caracter\u00edstica marcante dos sistemas de Perfilamento a LASER \u00e9 a reten\u00e7\u00e3o de reflex\u00f5es estratificadas de cada pulso de LASER.<\/p>\n\n\n\n<p>Obviamente, se um sistema LiDAR est\u00e1 operando sobre uma mata densa, os pulsos retornados ser\u00e3o produto da reflex\u00e3o na copa das \u00e1rvores. No entanto, devido a aspectos construtivos, alguns sistemas diferenciam m\u00faltiplos retornos de um pulso.<\/p>\n\n\n\n<p>Assim, um pulso que atravessou uma cobertura vegetal e refletiu no solo pode ser diferenciado pelo sistema, estabelecendo uma condi\u00e7\u00e3o \u00fanica de identifica\u00e7\u00e3o do modelo do terreno e da superf\u00edcie (no caso da cobertura vegetal).<\/p>\n\n\n\n<p>Essa \u00e9 uma vantagem indiscut\u00edvel sobre os processos fotogram\u00e9tricos convencionais que usam a correla\u00e7\u00e3o de imagem ou a capta\u00e7\u00e3o de curvas de n\u00edvel para modelagem de terreno.<\/p>\n\n\n\n<p><\/p>\n\n\n\n<div class=\"wp-block-group\"><div class=\"wp-block-group__inner-container is-layout-constrained wp-block-group-is-layout-constrained\"><div class=\"wp-block-image\">\n<figure class=\"aligncenter size-full is-resized\" id=\"attachment_205\"><img loading=\"lazy\" decoding=\"async\" width=\"567\" height=\"332\" src=\"https:\/\/www.lidar.com.br\/wp-content\/uploads\/2025\/06\/RetornoPulsoLaser.jpg\" alt=\"\" class=\"wp-image-455\" style=\"width:490px;height:auto\" srcset=\"https:\/\/www.lidar.com.br\/wp-content\/uploads\/2025\/06\/RetornoPulsoLaser.jpg 567w, https:\/\/www.lidar.com.br\/wp-content\/uploads\/2025\/06\/RetornoPulsoLaser-300x176.jpg 300w\" sizes=\"(max-width: 567px) 100vw, 567px\" \/><figcaption class=\"wp-element-caption\">M\u00faltiplos Retornos do LiDAR &#8211; Adaptado de Optech \u2013 General \u2013 Perry DesRosiers  &#8211; 2007<\/figcaption><\/figure><\/div><\/div><\/div>\n\n\n\n<p><\/p>\n","protected":false},"excerpt":{"rendered":"<p>Outra caracter\u00edstica marcante dos sistemas de Perfilamento a LASER \u00e9 a reten\u00e7\u00e3o de reflex\u00f5es estratificadas de cada pulso de LASER. Obviamente, se um sistema LiDAR est\u00e1 operando sobre uma mata densa, os pulsos retornados ser\u00e3o produto da reflex\u00e3o na copa das \u00e1rvores. No entanto, devido a aspectos construtivos, alguns sistemas diferenciam m\u00faltiplos retornos de um &hellip; <\/p>\n<p class=\"link-more\"><a href=\"https:\/\/www.lidar.com.br\/?page_id=191\" class=\"more-link\">Continue lendo<span class=\"screen-reader-text\"> &#8220;Retorno do Pulso LASER&#8221;<\/span><\/a><\/p>\n","protected":false},"author":1,"featured_media":0,"parent":181,"menu_order":1,"comment_status":"closed","ping_status":"closed","template":"","meta":{"saved_in_kubio":true,"_themeisle_gutenberg_block_has_review":false,"footnotes":""},"class_list":["post-191","page","type-page","status-publish","hentry"],"kubio_ai_page_context":{"short_desc":"","purpose":"general"},"_links":{"self":[{"href":"https:\/\/www.lidar.com.br\/index.php?rest_route=\/wp\/v2\/pages\/191","targetHints":{"allow":["GET"]}}],"collection":[{"href":"https:\/\/www.lidar.com.br\/index.php?rest_route=\/wp\/v2\/pages"}],"about":[{"href":"https:\/\/www.lidar.com.br\/index.php?rest_route=\/wp\/v2\/types\/page"}],"author":[{"embeddable":true,"href":"https:\/\/www.lidar.com.br\/index.php?rest_route=\/wp\/v2\/users\/1"}],"replies":[{"embeddable":true,"href":"https:\/\/www.lidar.com.br\/index.php?rest_route=%2Fwp%2Fv2%2Fcomments&post=191"}],"version-history":[{"count":7,"href":"https:\/\/www.lidar.com.br\/index.php?rest_route=\/wp\/v2\/pages\/191\/revisions"}],"predecessor-version":[{"id":456,"href":"https:\/\/www.lidar.com.br\/index.php?rest_route=\/wp\/v2\/pages\/191\/revisions\/456"}],"up":[{"embeddable":true,"href":"https:\/\/www.lidar.com.br\/index.php?rest_route=\/wp\/v2\/pages\/181"}],"wp:attachment":[{"href":"https:\/\/www.lidar.com.br\/index.php?rest_route=%2Fwp%2Fv2%2Fmedia&parent=191"}],"curies":[{"name":"wp","href":"https:\/\/api.w.org\/{rel}","templated":true}]}}