{"id":189,"date":"2025-06-17T17:58:09","date_gmt":"2025-06-17T17:58:09","guid":{"rendered":"http:\/\/192.168.1.3:1080\/?page_id=189"},"modified":"2025-06-18T14:10:10","modified_gmt":"2025-06-18T14:10:10","slug":"formato-las","status":"publish","type":"page","link":"https:\/\/www.lidar.com.br\/?page_id=189","title":{"rendered":"Formato LAS"},"content":{"rendered":"\n<p>O LAS \u00e9 um formato de arquivo p\u00fablico para o interc\u00e2mbio de dados LIDAR entre os produtores e clientes. Este formato de arquivo bin\u00e1rio \u00e9 uma alternativa para sistemas propriet\u00e1rios ou arquivos ASCII gen\u00e9ricos usados por muitas empresas.<\/p>\n\n\n\n<p>A situa\u00e7\u00e3o dos sistemas propriet\u00e1rios \u00e9 \u00f3bvia para os dados que n\u00e3o podem ser migrados facilmente de um sistema a outro.<\/p>\n\n\n\n<p>H\u00e1 dois problemas principais com os arquivos ASCII. O primeiro problema \u00e9 desempenho porque a leitura e interpreta\u00e7\u00e3o de dados de eleva\u00e7\u00e3o em um arquivo ASCII s\u00e3o mais lentas, pois estes arquivos geralmente s\u00e3o grandes, at\u00e9 mesmo para poucos dados. O segundo problema \u00e9 que a informa\u00e7\u00e3o espec\u00edfica dos dados LIDAR (metadados) n\u00e3o comp\u00f5e o arquivo ASCII.<\/p>\n\n\n\n<p>O LAS \u00e9 um arquivo bin\u00e1rio que mant\u00e9m a informa\u00e7\u00e3o espec\u00edfica dos dados LIDAR e ao mesmo tempo, n\u00e3o \u00e9 complexo.<\/p>\n\n\n\n<p>Os principais desenvolvedores de solu\u00e7\u00f5es fotogram\u00e9tricas e LiDAR adotaram o formato LAS. Em 2003, A Sociedade Americana de Fotogrametria e Sensoriamento Remoto (ASPRS) por meio de seu Comit\u00ea de LIDAR, aprovou o formato LAS para interc\u00e2mbio de dados de LIDAR.<\/p>\n\n\n\n<p>Desde ent\u00e3o j\u00e1 foram desenvolvidas vers\u00f5es do formato LAS, principalmente para acomodar a evolu\u00e7\u00e3o dos sensores LiDAR em suas caracter\u00edsticas construtivas e operacionais. As vers\u00f5es anteriores do formato LAS podem ser encontradas em:<\/p>\n\n\n\n<ul class=\"wp-block-list\">\n<li><a href=\"http:\/\/asprs.org\/a\/society\/committees\/standards\/LAS_1_3_r11.pdf\" target=\"_blank\" rel=\"noreferrer noopener\">Superseded ASPRS LAS 1.3 Format Specification, October 24, 2010 (PDF)<\/a><\/li>\n\n\n\n<li><a href=\"http:\/\/asprs.org\/a\/society\/committees\/standards\/asprs_las_format_v12.pdf\" target=\"_blank\" rel=\"noreferrer noopener\">Superseded ASPRS LAS 1.2 Format Specification, September 2, 2008 (PDF)<\/a><\/li>\n\n\n\n<li><a href=\"http:\/\/asprs.org\/a\/society\/committees\/standards\/asprs_las_format_v11.pdf\" target=\"_blank\" rel=\"noreferrer noopener\">Superseded ASPRS LAS 1.1 Format Standard, May 7, 2005 (PDF)<\/a><\/li>\n\n\n\n<li><a href=\"http:\/\/asprs.org\/a\/society\/committees\/standards\/asprs_las_format_v10.pdf\" target=\"_blank\" rel=\"noreferrer noopener\">Superseded ASPRS LAS 1.0 Format Standard, May 9, 2003 (PDF)<\/a><\/li>\n<\/ul>\n\n\n\n<p>A atual vers\u00e3o do formato LAS \u00e9 a 1.4 que foi aprovada pelo&nbsp;<a href=\"https:\/\/www.asprs.org\/divisions-committees\/lidar-division\" target=\"_blank\" rel=\"noreferrer noopener\">Comit\u00ea da ASPRS<\/a>&nbsp;em novembro de 2011. Uma c\u00f3pia da descri\u00e7\u00e3o do formato LAS 1.4 pode ser obtida em&nbsp;<a href=\"http:\/\/asprs.org\/a\/society\/committees\/standards\/LAS_1_4_r13.pdf\" target=\"_blank\" rel=\"noreferrer noopener\">ASPRS LAS 1.4 Format Specification, R13 \u2013 15 July 2013&nbsp;<\/a>.<\/p>\n\n\n\n<p>O formato LAS substitui a diversidade de formatos propriet\u00e1rios LIDAR atualmente em uso, e melhora o fluxo de dados significativamente, seja dentro de uma corpora\u00e7\u00e3o ou entre usu\u00e1rios e provedores de dados.<\/p>\n\n\n\n<p>Refer\u00eancia: The LAS 1.4 Specification \u2013 Lewis Graham, ASPRS LiDAR Division \u2013 2012 \u2013 Em&nbsp;<a href=\"https:\/\/www.asprs.org\/wp-content\/uploads\/2010\/12\/LAS_Specification.pdf\" target=\"_blank\" rel=\"noreferrer noopener\">https:\/\/www.asprs.org\/wp-content\/uploads\/2010\/12\/LAS_Specification.pdf<\/a><\/p>\n","protected":false},"excerpt":{"rendered":"<p>O LAS \u00e9 um formato de arquivo p\u00fablico para o interc\u00e2mbio de dados LIDAR entre os produtores e clientes. Este formato de arquivo bin\u00e1rio \u00e9 uma alternativa para sistemas propriet\u00e1rios ou arquivos ASCII gen\u00e9ricos usados por muitas empresas. A situa\u00e7\u00e3o dos sistemas propriet\u00e1rios \u00e9 \u00f3bvia para os dados que n\u00e3o podem ser migrados facilmente de &hellip; <\/p>\n<p class=\"link-more\"><a href=\"https:\/\/www.lidar.com.br\/?page_id=189\" class=\"more-link\">Continue lendo<span class=\"screen-reader-text\"> &#8220;Formato LAS&#8221;<\/span><\/a><\/p>\n","protected":false},"author":1,"featured_media":0,"parent":156,"menu_order":7,"comment_status":"closed","ping_status":"closed","template":"","meta":{"saved_in_kubio":false,"_themeisle_gutenberg_block_has_review":false,"footnotes":""},"class_list":["post-189","page","type-page","status-publish","hentry"],"kubio_ai_page_context":{"short_desc":"","purpose":"general"},"_links":{"self":[{"href":"https:\/\/www.lidar.com.br\/index.php?rest_route=\/wp\/v2\/pages\/189","targetHints":{"allow":["GET"]}}],"collection":[{"href":"https:\/\/www.lidar.com.br\/index.php?rest_route=\/wp\/v2\/pages"}],"about":[{"href":"https:\/\/www.lidar.com.br\/index.php?rest_route=\/wp\/v2\/types\/page"}],"author":[{"embeddable":true,"href":"https:\/\/www.lidar.com.br\/index.php?rest_route=\/wp\/v2\/users\/1"}],"replies":[{"embeddable":true,"href":"https:\/\/www.lidar.com.br\/index.php?rest_route=%2Fwp%2Fv2%2Fcomments&post=189"}],"version-history":[{"count":1,"href":"https:\/\/www.lidar.com.br\/index.php?rest_route=\/wp\/v2\/pages\/189\/revisions"}],"predecessor-version":[{"id":190,"href":"https:\/\/www.lidar.com.br\/index.php?rest_route=\/wp\/v2\/pages\/189\/revisions\/190"}],"up":[{"embeddable":true,"href":"https:\/\/www.lidar.com.br\/index.php?rest_route=\/wp\/v2\/pages\/156"}],"wp:attachment":[{"href":"https:\/\/www.lidar.com.br\/index.php?rest_route=%2Fwp%2Fv2%2Fmedia&parent=189"}],"curies":[{"name":"wp","href":"https:\/\/api.w.org\/{rel}","templated":true}]}}