{"id":187,"date":"2025-06-17T17:57:32","date_gmt":"2025-06-17T17:57:32","guid":{"rendered":"http:\/\/192.168.1.3:1080\/?page_id=187"},"modified":"2025-06-27T14:54:24","modified_gmt":"2025-06-27T14:54:24","slug":"certificacao-de-qualidade-de-dados-lidar","status":"publish","type":"page","link":"https:\/\/www.lidar.com.br\/?page_id=187","title":{"rendered":"Certifica\u00e7\u00e3o de Qualidade de Dados LiDAR"},"content":{"rendered":"\n<p>Os usu\u00e1rios de dados LiDAR e profissionais da \u00e1rea de mapeamento devem atentar para a explora\u00e7\u00e3o estat\u00edstica em torno da qualidade de sistemas LASER.<\/p>\n\n\n\n<p>As especifica\u00e7\u00f5es de fabricantes e produtores devem estabelecer uma grandeza para a precis\u00e3o vertical com a defini\u00e7\u00e3o de um intervalo de confian\u00e7a<sup>(1)<\/sup>&nbsp;e de uma altura de voo.<\/p>\n\n\n\n<p>Ao longo de seu amadurecimento, v\u00e1rios organismos trabalharam na elabora\u00e7\u00e3o de diretrizes operacionais para avalia\u00e7\u00e3o e garantia de qualidade posicional de dados LiDAR, aumentando confian\u00e7a dos usu\u00e1rios nos dados gerados e melhorando a ado\u00e7\u00e3o da tecnologia LiDAR.<\/p>\n\n\n\n<p>Alguns exemplos de diretrizes de avalia\u00e7\u00e3o de qualidade de dados LiDAR pode ser encontradas aqui:<\/p>\n\n\n\n<p>2012 \u2013 Lidar Base Specification Version 1.0 \u2013 By Hans Karl Heidemann \u2013 Chapter 4 of Section B, U.S. Geological Survey Standards Book 11, Collection and Delineation of Spatial Data \u2013 Em&nbsp;<a href=\"https:\/\/pubs.usgs.gov\/tm\/11b4\/Version1.0\/TM11-B4.pdf\" target=\"_blank\" rel=\"noreferrer noopener\">https:\/\/pubs.usgs.gov\/tm\/11b4\/Version1.0\/TM11-B4.pdf<\/a><\/p>\n\n\n\n<p>2014 \u2013 ASPRS Positional Accuracy Standards for Digital Geospatial Data (EDITION 1, VERSION 1.0. \u2013 NOVEMBER, 2014) \u2013 American Society for Photogrammetry and Remote Sensing \u2013&nbsp;Em&nbsp;<a href=\"http:\/\/www.asprs.org\/a\/society\/committees\/standards\/Positional_Accuracy_Standards.pdf\" target=\"_blank\" rel=\"noreferrer noopener\">http:\/\/www.asprs.org\/a\/society\/committees\/standards\/Positional_Accuracy_Standards.pdf<\/a><\/p>\n\n\n\n<p>No Brasil:<\/p>\n\n\n\n<p>2012 \u2013 O Ex\u00e9rcito Brasileiro e os Padr\u00f5es de Dados Geoespaciais para a INDE \u2013 Lunardi, O. et al \u2013 IV Simp\u00f3sio Brasileiro de Ci\u00eancias Geod\u00e9sicas e Tecnologias da Geoinforma\u00e7\u00e3o \u2013 Recife \u2013 PE \u2013 Em&nbsp;<a href=\"https:\/\/www3.ufpe.br\/cgtg\/SIMGEOIV\/CD\/artigos\/Todos_Artigos\/042_2.pdf\" target=\"_blank\" rel=\"noreferrer noopener\">https:\/\/www3.ufpe.br\/cgtg\/SIMGEOIV\/CD\/artigos\/Todos_Artigos\/042_2.pdf<\/a><\/p>\n\n\n\n<p>2013 \u2013 Valida\u00e7\u00e3o da qualidade do perfilamento a LASER aerotransportado da cidade de Porto Alegre \u2013 Zanardi, R. P. et al \u2013 Anais XVI Simp\u00f3sio Brasileiro de Sensoriamento Remoto \u2013 SBSR, Foz do Igua\u00e7u, PR \u2013 Em&nbsp;<a href=\"https:\/\/www.researchgate.net\/publication\/273999908_Validacao_da_qualidade_do_perfilamento_a_LASER_aerotransportado_da_cidade_de_Porto_Alegre\" target=\"_blank\" rel=\"noreferrer noopener\">https:\/\/www.researchgate.net\/publication\/273999908_Validacao_da_qualidade_do_perfilamento_a_LASER_aerotransportado_da_cidade_de_Porto_Alegre<\/a><\/p>\n\n\n\n<p>Como regra geral na avalia\u00e7\u00e3o de qualidade posicional de dados LiDAR, temos que:<\/p>\n\n\n\n<ul class=\"wp-block-list\">\n<li>O intervalo de confian\u00e7a<sup>(1)<\/sup>&nbsp;dos dados deve ser sempre bem declarado para evitar m\u00e1 interpreta\u00e7\u00e3o do usu\u00e1rio;<\/li>\n\n\n\n<li>As estat\u00edsticas s\u00e3o v\u00e1lidas para terrenos limpos, planos e consistentes;<\/li>\n\n\n\n<li>Mesmo com o uso de algoritmos de filtragem de objetos e limpeza de pontos indesejados, alguns ir\u00e3o permanecer no modelo final e comprometer\u00e3o a precis\u00e3o declarada;<\/li>\n\n\n\n<li><em>Breaklines<\/em>&nbsp;podem ser necess\u00e1rias em certos tipos de terreno e para captura correta de algumas caracter\u00edsticas. O espa\u00e7amento entre pontos LASER no terreno \u00e9 o \u00fanico determinante da necessidade de&nbsp;<em>breaklines<\/em>&nbsp;em um determinado terreno.<\/li>\n<\/ul>\n\n\n\n<blockquote class=\"wp-block-quote is-layout-flow wp-block-quote-is-layout-flow\">\n<p><\/p>\n<\/blockquote>\n\n\n\n<p><\/p>\n\n\n\n<p>&nbsp;(1)&nbsp;<strong>INTERVALO DE CONFIAN\u00c7A<\/strong>&nbsp;representa limites onde seguramente a m\u00e9dia dos valores de um conjunto de dados est\u00e1 contida.<\/p>\n\n\n\n<p><\/p>\n","protected":false},"excerpt":{"rendered":"<p>Os usu\u00e1rios de dados LiDAR e profissionais da \u00e1rea de mapeamento devem atentar para a explora\u00e7\u00e3o estat\u00edstica em torno da qualidade de sistemas LASER. As especifica\u00e7\u00f5es de fabricantes e produtores devem estabelecer uma grandeza para a precis\u00e3o vertical com a defini\u00e7\u00e3o de um intervalo de confian\u00e7a(1)&nbsp;e de uma altura de voo. Ao longo de seu &hellip; <\/p>\n<p class=\"link-more\"><a href=\"https:\/\/www.lidar.com.br\/?page_id=187\" class=\"more-link\">Continue lendo<span class=\"screen-reader-text\"> &#8220;Certifica\u00e7\u00e3o de Qualidade de Dados LiDAR&#8221;<\/span><\/a><\/p>\n","protected":false},"author":1,"featured_media":0,"parent":156,"menu_order":6,"comment_status":"closed","ping_status":"closed","template":"","meta":{"saved_in_kubio":false,"_themeisle_gutenberg_block_has_review":false,"footnotes":"[]"},"class_list":["post-187","page","type-page","status-publish","hentry"],"kubio_ai_page_context":{"short_desc":"","purpose":"general"},"_links":{"self":[{"href":"https:\/\/www.lidar.com.br\/index.php?rest_route=\/wp\/v2\/pages\/187","targetHints":{"allow":["GET"]}}],"collection":[{"href":"https:\/\/www.lidar.com.br\/index.php?rest_route=\/wp\/v2\/pages"}],"about":[{"href":"https:\/\/www.lidar.com.br\/index.php?rest_route=\/wp\/v2\/types\/page"}],"author":[{"embeddable":true,"href":"https:\/\/www.lidar.com.br\/index.php?rest_route=\/wp\/v2\/users\/1"}],"replies":[{"embeddable":true,"href":"https:\/\/www.lidar.com.br\/index.php?rest_route=%2Fwp%2Fv2%2Fcomments&post=187"}],"version-history":[{"count":5,"href":"https:\/\/www.lidar.com.br\/index.php?rest_route=\/wp\/v2\/pages\/187\/revisions"}],"predecessor-version":[{"id":488,"href":"https:\/\/www.lidar.com.br\/index.php?rest_route=\/wp\/v2\/pages\/187\/revisions\/488"}],"up":[{"embeddable":true,"href":"https:\/\/www.lidar.com.br\/index.php?rest_route=\/wp\/v2\/pages\/156"}],"wp:attachment":[{"href":"https:\/\/www.lidar.com.br\/index.php?rest_route=%2Fwp%2Fv2%2Fmedia&parent=187"}],"curies":[{"name":"wp","href":"https:\/\/api.w.org\/{rel}","templated":true}]}}