{"id":185,"date":"2025-06-17T17:56:51","date_gmt":"2025-06-17T17:56:51","guid":{"rendered":"http:\/\/192.168.1.3:1080\/?page_id=185"},"modified":"2025-06-27T14:39:38","modified_gmt":"2025-06-27T14:39:38","slug":"plataformas-para-levantamentos-de-lidar","status":"publish","type":"page","link":"https:\/\/www.lidar.com.br\/?page_id=185","title":{"rendered":"Plataformas para Levantamentos de LiDAR"},"content":{"rendered":"\n<p>O gr\u00e1fico abaixo \u00e9 meramente ilustrativo. As condi\u00e7\u00f5es t\u00e9cnicas de equipamento (dimens\u00f5es, tecnologia, energia) s\u00e3o requisito para determina\u00e7\u00e3o da plataforma, assim como, a finalidade do levantamento LiDAR em fun\u00e7\u00e3o da densidade de pontos, n\u00famero de retornos, qualidade t\u00e9cnica, prazos e at\u00e9 mesmo, legisla\u00e7\u00e3o para realiza\u00e7\u00e3o de aerolevantamentos.<\/p>\n\n\n<div class=\"wp-block-image\">\n<figure class=\"aligncenter size-large\" id=\"attachment_236\"><img loading=\"lazy\" decoding=\"async\" width=\"1024\" height=\"505\" src=\"https:\/\/www.lidar.com.br\/wp-content\/uploads\/2025\/06\/PlataformaLevantamentoLiDAR-1024x505.jpg\" alt=\"\" class=\"wp-image-481\" srcset=\"https:\/\/www.lidar.com.br\/wp-content\/uploads\/2025\/06\/PlataformaLevantamentoLiDAR-1024x505.jpg 1024w, https:\/\/www.lidar.com.br\/wp-content\/uploads\/2025\/06\/PlataformaLevantamentoLiDAR-300x148.jpg 300w, https:\/\/www.lidar.com.br\/wp-content\/uploads\/2025\/06\/PlataformaLevantamentoLiDAR-768x378.jpg 768w, https:\/\/www.lidar.com.br\/wp-content\/uploads\/2025\/06\/PlataformaLevantamentoLiDAR.jpg 1299w\" sizes=\"(max-width: 767px) 89vw, (max-width: 1000px) 54vw, (max-width: 1071px) 543px, 580px\" \/><figcaption class=\"wp-element-caption\">Plataforma para a Realiza\u00e7\u00e3o de levantamento LiDAR em fun\u00e7\u00e3o do Uso da Nuvem de Pontos \u2013 ESTEIO S.A.<\/figcaption><\/figure><\/div>","protected":false},"excerpt":{"rendered":"<p>O gr\u00e1fico abaixo \u00e9 meramente ilustrativo. As condi\u00e7\u00f5es t\u00e9cnicas de equipamento (dimens\u00f5es, tecnologia, energia) s\u00e3o requisito para determina\u00e7\u00e3o da plataforma, assim como, a finalidade do levantamento LiDAR em fun\u00e7\u00e3o da densidade de pontos, n\u00famero de retornos, qualidade t\u00e9cnica, prazos e at\u00e9 mesmo, legisla\u00e7\u00e3o para realiza\u00e7\u00e3o de aerolevantamentos.<\/p>\n","protected":false},"author":1,"featured_media":0,"parent":156,"menu_order":5,"comment_status":"closed","ping_status":"closed","template":"","meta":{"saved_in_kubio":false,"_themeisle_gutenberg_block_has_review":false,"footnotes":""},"class_list":["post-185","page","type-page","status-publish","hentry"],"kubio_ai_page_context":{"short_desc":"","purpose":"general"},"_links":{"self":[{"href":"https:\/\/www.lidar.com.br\/index.php?rest_route=\/wp\/v2\/pages\/185","targetHints":{"allow":["GET"]}}],"collection":[{"href":"https:\/\/www.lidar.com.br\/index.php?rest_route=\/wp\/v2\/pages"}],"about":[{"href":"https:\/\/www.lidar.com.br\/index.php?rest_route=\/wp\/v2\/types\/page"}],"author":[{"embeddable":true,"href":"https:\/\/www.lidar.com.br\/index.php?rest_route=\/wp\/v2\/users\/1"}],"replies":[{"embeddable":true,"href":"https:\/\/www.lidar.com.br\/index.php?rest_route=%2Fwp%2Fv2%2Fcomments&post=185"}],"version-history":[{"count":2,"href":"https:\/\/www.lidar.com.br\/index.php?rest_route=\/wp\/v2\/pages\/185\/revisions"}],"predecessor-version":[{"id":482,"href":"https:\/\/www.lidar.com.br\/index.php?rest_route=\/wp\/v2\/pages\/185\/revisions\/482"}],"up":[{"embeddable":true,"href":"https:\/\/www.lidar.com.br\/index.php?rest_route=\/wp\/v2\/pages\/156"}],"wp:attachment":[{"href":"https:\/\/www.lidar.com.br\/index.php?rest_route=%2Fwp%2Fv2%2Fmedia&parent=185"}],"curies":[{"name":"wp","href":"https:\/\/api.w.org\/{rel}","templated":true}]}}