{"id":181,"date":"2025-06-17T17:55:11","date_gmt":"2025-06-17T17:55:11","guid":{"rendered":"http:\/\/192.168.1.3:1080\/?page_id=181"},"modified":"2025-06-27T14:03:32","modified_gmt":"2025-06-27T14:03:32","slug":"principio-de-funcionamento-de-um-lidar-aereo","status":"publish","type":"page","link":"https:\/\/www.lidar.com.br\/?page_id=181","title":{"rendered":"Princ\u00edpio de Funcionamento de um LiDAR A\u00e9reo"},"content":{"rendered":"\n<p>Os Perfiladores a LASER s\u00e3o tipicamente constru\u00eddos a partir da montagem de uma s\u00e9rie de componentes: um sistema de transmissor e receptor de pulsos LASER, um conjunto \u00f3tico para direcionar os pulsos de laser, e um sistema de orienta\u00e7\u00e3o posicional para registrar a origem do pulso laser. Quando utilizado em aeronaves, tal sistema \u00e9 tamb\u00e9m referido como LiDAR de Modo Linear ou LiDAR pulsado.<\/p>\n\n\n<div class=\"wp-block-image\">\n<figure class=\"aligncenter size-full\" id=\"attachment_193\"><img loading=\"lazy\" decoding=\"async\" width=\"567\" height=\"364\" src=\"https:\/\/www.lidar.com.br\/wp-content\/uploads\/2025\/06\/Diagrama-Esquematico-de-um-LiDAR-Aereo.jpg\" alt=\"\" class=\"wp-image-447\" srcset=\"https:\/\/www.lidar.com.br\/wp-content\/uploads\/2025\/06\/Diagrama-Esquematico-de-um-LiDAR-Aereo.jpg 567w, https:\/\/www.lidar.com.br\/wp-content\/uploads\/2025\/06\/Diagrama-Esquematico-de-um-LiDAR-Aereo-300x193.jpg 300w\" sizes=\"(max-width: 567px) 100vw, 567px\" \/><figcaption class=\"wp-element-caption\">Diagrama Esquem\u00e1tico de um LiDAR A\u00e9reo<\/figcaption><\/figure><\/div>\n\n\n<p>O princ\u00edpio b\u00e1sico de funcionamento consiste em um sistema que emite uma grande quantidade de pulsos LASER direcionados para o terreno atrav\u00e9s de uma abertura no fundo de uma aeronave ou de um pod lateral em um helic\u00f3ptero. No caso das aeronaves, esta abertura \u00e9 a mesma utilizada em aeronaves preparadas para execu\u00e7\u00e3o de coberturas a\u00e9reas.<\/p>\n\n\n<div class=\"wp-block-image\">\n<figure class=\"aligncenter size-full\"><img loading=\"lazy\" decoding=\"async\" width=\"567\" height=\"331\" src=\"https:\/\/www.lidar.com.br\/wp-content\/uploads\/2025\/06\/SistemaLiDARinstaladoemAeronave.jpg\" alt=\"\" class=\"wp-image-449\" srcset=\"https:\/\/www.lidar.com.br\/wp-content\/uploads\/2025\/06\/SistemaLiDARinstaladoemAeronave.jpg 567w, https:\/\/www.lidar.com.br\/wp-content\/uploads\/2025\/06\/SistemaLiDARinstaladoemAeronave-300x175.jpg 300w\" sizes=\"(max-width: 567px) 100vw, 567px\" \/><figcaption class=\"wp-element-caption\">Sistema LiDAR instalado em Aeronave \u2013 ESTEIO S.A.<\/figcaption><\/figure><\/div>\n\n\n<p>Um LiDAR pulsado consome energia relativamente elevada em cada pulso de LASER emitido. Cada pulso parte do sistema instalado na aeronave at\u00e9 atingir a superf\u00edcie ou objetos no terreno, de onde \u00e9 refletido, retornando&nbsp;ao sistema. Quanto maior a energia por pulso ou menor a dist\u00e2ncia do sistema ao terreno, um retorno mais forte de luz pode ser registrado porque mais f\u00f3tons s\u00e3o refletidos pelo terreno abaixo da aeronave.<\/p>\n\n\n\n<p>Existem v\u00e1rios modelos de equipamentos no mercado com frequ\u00eancia de opera\u00e7\u00e3o variando de 150 kHz at\u00e9 mais de 1 MHz. Cada um destes equipamentos tem caracter\u00edsticas de uso distintas al\u00e9m de aspectos construtivos e de opera\u00e7\u00e3o espec\u00edficos de cada fabricante ou desenvolvedor.<\/p>\n\n\n\n<p>Durante a opera\u00e7\u00e3o, \u00e9 comum que o sistema emita pulsos que s\u00e3o dirigidos ao terreno por espelhos m\u00f3veis ou girat\u00f3rios. Os pulsos refletidos no terreno s\u00e3o coletados pelo receptor e s\u00e3o convertidos de sinal \u00f3tico (anal\u00f3gico) para eletr\u00f4nico (digital). O tempo gasto para cada pulso emitido pelo receptor chegar ao objeto ou terreno e ser refletido \u00e9 medido e, baseado na velocidade conhecida da luz, a dist\u00e2ncia do sensor at\u00e9 este objeto ou terreno \u00e9 calculada.<\/p>\n\n\n\n<p>A varredura do terreno \u00e9 feita no sentido transversal \u00e0 dire\u00e7\u00e3o de voo com um \u00e2ngulo de abertura especificado pelo planejamento da opera\u00e7\u00e3o. Este \u00e2ngulo de abertura permite a determina\u00e7\u00e3o da largura de faixa coberta, enquanto o movimento da aeronave permite a varredura na dire\u00e7\u00e3o de voo. A altura de voo \u00e9 determinante para a qualidade e quantidade de pulsos que retornam ao sistema, assim como, a densidade de pontos \u00e9 influenciada pela largura de varredura quando considerada em conjunto com o \u00e2ngulo de abertura.<\/p>\n\n\n<div class=\"wp-block-image\">\n<figure class=\"aligncenter size-full\" id=\"attachment_196\"><img loading=\"lazy\" decoding=\"async\" width=\"567\" height=\"333\" src=\"https:\/\/www.lidar.com.br\/wp-content\/uploads\/2025\/06\/GeometriaLevantamentoLidar.jpg\" alt=\"\" class=\"wp-image-451\" srcset=\"https:\/\/www.lidar.com.br\/wp-content\/uploads\/2025\/06\/GeometriaLevantamentoLidar.jpg 567w, https:\/\/www.lidar.com.br\/wp-content\/uploads\/2025\/06\/GeometriaLevantamentoLidar-300x176.jpg 300w\" sizes=\"(max-width: 567px) 100vw, 567px\" \/><figcaption class=\"wp-element-caption\">Geometria do Levantamento LiDAR e sua influ\u00eancia na nuvem de pontos  &#8211; Adaptado de Leica LiDAR Solutions \u2013 Hexagon &#8211; Abril 2011<\/figcaption><\/figure><\/div>\n\n\n<p>Durante o levantamento LiDAR, \u00e9 criada a chamada nuvem de pontos bruta que consiste em v\u00e1rios milh\u00f5es de pontos capturados durante o voo (com suas respectivas coordenadas XYZ e outros atributos pertinentes).<\/p>\n\n\n\n<p>A qualidade de um levantamento LiDAR \u00e9 tamb\u00e9m dependente do Sistema de Navega\u00e7\u00e3o Inercial (INS) que \u00e9 formado por girosc\u00f3pios e aceler\u00f4metros para registro dos movimentos (inclina\u00e7\u00e3o e rota\u00e7\u00e3o) da aeronave no instante da emiss\u00e3o do pulso. Para determinadas alturas de voo, esta qualidade do referencial inercial influencia de maneira significativa a qualidade dos pontos processados.<\/p>\n\n\n\n<p>Faz parte do conjunto operativo, um receptor de GNSS na aeronave que registra a posi\u00e7\u00e3o do sistema a intervalos fixos. Outro receptor baseado no terreno prov\u00ea a corre\u00e7\u00e3o de diferencial para uma determina\u00e7\u00e3o final de posi\u00e7\u00e3o mais precisa.<\/p>\n\n\n\n<p>Por meio de p\u00f3s-processamento, as medidas LASER com seus respectivos \u00e2ngulos, os dados de GNSS e dados de navega\u00e7\u00e3o inercial s\u00e3o combinados para determinar a posi\u00e7\u00e3o final dos pontos varridos na superf\u00edcie terrestre, criando a nuvem de pontos LiDAR.<\/p>\n\n\n<div class=\"wp-block-image\">\n<figure class=\"aligncenter size-full\" id=\"attachment_197\"><img loading=\"lazy\" decoding=\"async\" width=\"567\" height=\"329\" src=\"https:\/\/www.lidar.com.br\/wp-content\/uploads\/2025\/06\/NuvemPontosLiDAR.jpg\" alt=\"\" class=\"wp-image-453\" srcset=\"https:\/\/www.lidar.com.br\/wp-content\/uploads\/2025\/06\/NuvemPontosLiDAR.jpg 567w, https:\/\/www.lidar.com.br\/wp-content\/uploads\/2025\/06\/NuvemPontosLiDAR-300x174.jpg 300w\" sizes=\"(max-width: 567px) 100vw, 567px\" \/><figcaption class=\"wp-element-caption\">Nuvem de Pontos LiDAR<\/figcaption><\/figure><\/div>\n\n\n<p>Em geral, os sistemas LIDAR operam com comprimentos de onda de 1.040 a 1.060 \u03b7m (alguns fabricantes usam o comprimento de onda de 1.550&nbsp; \u03b7m) que corresponde a parte do espectro eletromagn\u00e9tico pr\u00f3ximo do infravermelho quando se trata de&nbsp; mapeamento do terreno. O LiDAR Batim\u00e9trico usa o comprimento de onda de 532 \u03b7m, chamado LASER verde, pela sua capacidade de penetra\u00e7\u00e3o na \u00e1gua.<\/p>\n","protected":false},"excerpt":{"rendered":"<p>Os Perfiladores a LASER s\u00e3o tipicamente constru\u00eddos a partir da montagem de uma s\u00e9rie de componentes: um sistema de transmissor e receptor de pulsos LASER, um conjunto \u00f3tico para direcionar os pulsos de laser, e um sistema de orienta\u00e7\u00e3o posicional para registrar a origem do pulso laser. Quando utilizado em aeronaves, tal sistema \u00e9 tamb\u00e9m &hellip; <\/p>\n<p class=\"link-more\"><a href=\"https:\/\/www.lidar.com.br\/?page_id=181\" class=\"more-link\">Continue lendo<span class=\"screen-reader-text\"> &#8220;Princ\u00edpio de Funcionamento de um LiDAR A\u00e9reo&#8221;<\/span><\/a><\/p>\n","protected":false},"author":1,"featured_media":0,"parent":156,"menu_order":3,"comment_status":"closed","ping_status":"closed","template":"","meta":{"saved_in_kubio":false,"_themeisle_gutenberg_block_has_review":false,"footnotes":""},"class_list":["post-181","page","type-page","status-publish","hentry"],"kubio_ai_page_context":{"short_desc":"","purpose":"general"},"_links":{"self":[{"href":"https:\/\/www.lidar.com.br\/index.php?rest_route=\/wp\/v2\/pages\/181","targetHints":{"allow":["GET"]}}],"collection":[{"href":"https:\/\/www.lidar.com.br\/index.php?rest_route=\/wp\/v2\/pages"}],"about":[{"href":"https:\/\/www.lidar.com.br\/index.php?rest_route=\/wp\/v2\/types\/page"}],"author":[{"embeddable":true,"href":"https:\/\/www.lidar.com.br\/index.php?rest_route=\/wp\/v2\/users\/1"}],"replies":[{"embeddable":true,"href":"https:\/\/www.lidar.com.br\/index.php?rest_route=%2Fwp%2Fv2%2Fcomments&post=181"}],"version-history":[{"count":4,"href":"https:\/\/www.lidar.com.br\/index.php?rest_route=\/wp\/v2\/pages\/181\/revisions"}],"predecessor-version":[{"id":454,"href":"https:\/\/www.lidar.com.br\/index.php?rest_route=\/wp\/v2\/pages\/181\/revisions\/454"}],"up":[{"embeddable":true,"href":"https:\/\/www.lidar.com.br\/index.php?rest_route=\/wp\/v2\/pages\/156"}],"wp:attachment":[{"href":"https:\/\/www.lidar.com.br\/index.php?rest_route=%2Fwp%2Fv2%2Fmedia&parent=181"}],"curies":[{"name":"wp","href":"https:\/\/api.w.org\/{rel}","templated":true}]}}