{"id":179,"date":"2025-06-17T17:54:09","date_gmt":"2025-06-17T17:54:09","guid":{"rendered":"http:\/\/192.168.1.3:1080\/?page_id=179"},"modified":"2025-06-26T20:03:48","modified_gmt":"2025-06-26T20:03:48","slug":"a-modelagem-3d","status":"publish","type":"page","link":"https:\/\/www.lidar.com.br\/?page_id=179","title":{"rendered":"A Modelagem 3D"},"content":{"rendered":"\n<div class=\"wp-block-group\"><div class=\"wp-block-group__inner-container is-layout-constrained wp-block-group-is-layout-constrained\">\n<h2 class=\"wp-block-heading\"><\/h2>\n\n\n\n<p>Uma das atividades que mais consomem tempo na Fotogrametria \u00e9 a obten\u00e7\u00e3o de Modelos Digitais de Eleva\u00e7\u00e3o ou do Terreno (MDE ou MDT). Este subproduto cartogr\u00e1fico normalmente \u00e9 utilizado para modelagem 3D com a aquisi\u00e7\u00e3o de nuvens de pontos da superf\u00edcie de um objeto ou da superf\u00edcie terrestre, fazendo parte da atividade de retifica\u00e7\u00e3o diferencial de ortofotos ou para obten\u00e7\u00e3o autom\u00e1tica de curvas de n\u00edvel.<\/p>\n\n\n\n<p>Podemos obter um MDE por Capta\u00e7\u00e3o Fotogram\u00e9trica, ou seja, restituindo curvas de n\u00edvel; executando um perfilamento por m\u00e9todo fotogram\u00e9trico, por correla\u00e7\u00e3o autom\u00e1tica de imagem estereosc\u00f3pica; ou por meio de levantamento GNSS em campo. Todos s\u00e3o m\u00e9todos v\u00e1lidos mais trabalhosos, pois envolvem equipes de campo ou fotogrametristas especializados.<\/p>\n\n\n\n<p>A aplica\u00e7\u00e3o de resultados de Perfilamento a LASER, inicialmente prevista para MDE, est\u00e1 bem diversificada uma vez que os dados espaciais s\u00e3o \u00fateis para uma variedade de atividades da engenharia. Dia ap\u00f3s dia, esta tecnologia continuamente avan\u00e7a em termos de moderniza\u00e7\u00e3o e variedade de aplica\u00e7\u00f5es.<\/p>\n\n\n\n<p>Os atuais Sistemas LiDAR usados em aeronaves capturam at\u00e9 um milh\u00e3o de pontos por segundo. Aumentar a taxa de repeti\u00e7\u00e3o de pulsos \u00e9 a melhor maneira de obter nuvens de pontos densas a custos mais baixos, pois a velocidade de voo pode ser aumentada. No entanto, a frequ\u00eancia de pulso \u00e9 limitada por par\u00e2metros como consumo de energia e seguran\u00e7a para a vis\u00e3o humana.<\/p>\n\n\n\n<p><\/p>\n<\/div><\/div>\n\n\n\n<p><\/p>\n\n\n\n<p><\/p>\n","protected":false},"excerpt":{"rendered":"<p>Uma das atividades que mais consomem tempo na Fotogrametria \u00e9 a obten\u00e7\u00e3o de Modelos Digitais de Eleva\u00e7\u00e3o ou do Terreno (MDE ou MDT). Este subproduto cartogr\u00e1fico normalmente \u00e9 utilizado para modelagem 3D com a aquisi\u00e7\u00e3o de nuvens de pontos da superf\u00edcie de um objeto ou da superf\u00edcie terrestre, fazendo parte da atividade de retifica\u00e7\u00e3o diferencial &hellip; <\/p>\n<p class=\"link-more\"><a href=\"https:\/\/www.lidar.com.br\/?page_id=179\" class=\"more-link\">Continue lendo<span class=\"screen-reader-text\"> &#8220;A Modelagem 3D&#8221;<\/span><\/a><\/p>\n","protected":false},"author":1,"featured_media":0,"parent":156,"menu_order":2,"comment_status":"closed","ping_status":"closed","template":"","meta":{"saved_in_kubio":true,"_themeisle_gutenberg_block_has_review":false,"footnotes":""},"class_list":["post-179","page","type-page","status-publish","hentry"],"kubio_ai_page_context":{"short_desc":"","purpose":"general"},"_links":{"self":[{"href":"https:\/\/www.lidar.com.br\/index.php?rest_route=\/wp\/v2\/pages\/179","targetHints":{"allow":["GET"]}}],"collection":[{"href":"https:\/\/www.lidar.com.br\/index.php?rest_route=\/wp\/v2\/pages"}],"about":[{"href":"https:\/\/www.lidar.com.br\/index.php?rest_route=\/wp\/v2\/types\/page"}],"author":[{"embeddable":true,"href":"https:\/\/www.lidar.com.br\/index.php?rest_route=\/wp\/v2\/users\/1"}],"replies":[{"embeddable":true,"href":"https:\/\/www.lidar.com.br\/index.php?rest_route=%2Fwp%2Fv2%2Fcomments&post=179"}],"version-history":[{"count":11,"href":"https:\/\/www.lidar.com.br\/index.php?rest_route=\/wp\/v2\/pages\/179\/revisions"}],"predecessor-version":[{"id":446,"href":"https:\/\/www.lidar.com.br\/index.php?rest_route=\/wp\/v2\/pages\/179\/revisions\/446"}],"up":[{"embeddable":true,"href":"https:\/\/www.lidar.com.br\/index.php?rest_route=\/wp\/v2\/pages\/156"}],"wp:attachment":[{"href":"https:\/\/www.lidar.com.br\/index.php?rest_route=%2Fwp%2Fv2%2Fmedia&parent=179"}],"curies":[{"name":"wp","href":"https:\/\/api.w.org\/{rel}","templated":true}]}}