{"id":177,"date":"2025-06-17T17:53:29","date_gmt":"2025-06-17T17:53:29","guid":{"rendered":"http:\/\/192.168.1.3:1080\/?page_id=177"},"modified":"2025-06-26T18:43:17","modified_gmt":"2025-06-26T18:43:17","slug":"o-que-e-lidar","status":"publish","type":"page","link":"https:\/\/www.lidar.com.br\/?page_id=177","title":{"rendered":"O que \u00e9 LiDAR?"},"content":{"rendered":"\n<p>O acr\u00f4nimo LIDAR deriva do termo em ingl\u00eas \u201cLIght Detecting And Ranging\u201d.<\/p>\n\n\n\n<p>Mas, qual o significado? De maneira geral, define uma tecnologia que usa luz, especificamente uma luz de LASER (n\u00e3o vis\u00edvel), para medir dist\u00e2ncias.<\/p>\n\n\n\n<p>O emprego desta tecnologia na Fotogrametria possui v\u00e1rias nomenclaturas e muitas vezes, confunde a t\u00e9cnica com a opera\u00e7\u00e3o. Textos da m\u00eddia especializada e trabalhos acad\u00eamicos apresentam terminologia variada que vai desde o simples uso do acr\u00f4nimo LiDAR ou LASER, passando por nomenclaturas mais sofisticadas como Sistemas LiDAR Aerotransportados at\u00e9 designativos como ALS \u2013 Airborne LASER Scanning, traduzido para Perfilamento a LASER.<\/p>\n\n\n\n<p>Qual a grafia pertinente do acr\u00f4nimo: lidar, Lidar, LiDAR, LIDAR, LiDar, LiDaR, or liDAR? Uma revis\u00e3o abrangente da literatura t\u00e9cnica-cient\u00edfica, realizada pela pesquisadora Carol A. Deering, revela sete diferentes tipos de designar a tecnologia. E poderia haver mais.<\/p>\n\n\n\n<p>Em resumo, \u00e9 pertinente dizer que a tecnologia LiDAR (Light Detecting And Ranging) \u00e9 operacionalizada por meio do ALS (Airborne LASER Scanning) ou Perfilamento a LASER em portugu\u00eas.<\/p>\n\n\n\n\n\n<p><\/p>\n","protected":false},"excerpt":{"rendered":"<p>O acr\u00f4nimo LIDAR deriva do termo em ingl\u00eas \u201cLIght Detecting And Ranging\u201d. Mas, qual o significado? De maneira geral, define uma tecnologia que usa luz, especificamente uma luz de LASER (n\u00e3o vis\u00edvel), para medir dist\u00e2ncias. O emprego desta tecnologia na Fotogrametria possui v\u00e1rias nomenclaturas e muitas vezes, confunde a t\u00e9cnica com a opera\u00e7\u00e3o. Textos da &hellip; <\/p>\n<p class=\"link-more\"><a href=\"https:\/\/www.lidar.com.br\/?page_id=177\" class=\"more-link\">Continue lendo<span class=\"screen-reader-text\"> &#8220;O que \u00e9 LiDAR?&#8221;<\/span><\/a><\/p>\n","protected":false},"author":1,"featured_media":0,"parent":156,"menu_order":1,"comment_status":"closed","ping_status":"closed","template":"","meta":{"saved_in_kubio":false,"_themeisle_gutenberg_block_has_review":false,"footnotes":""},"class_list":["post-177","page","type-page","status-publish","hentry"],"kubio_ai_page_context":{"short_desc":"","purpose":"general"},"_links":{"self":[{"href":"https:\/\/www.lidar.com.br\/index.php?rest_route=\/wp\/v2\/pages\/177","targetHints":{"allow":["GET"]}}],"collection":[{"href":"https:\/\/www.lidar.com.br\/index.php?rest_route=\/wp\/v2\/pages"}],"about":[{"href":"https:\/\/www.lidar.com.br\/index.php?rest_route=\/wp\/v2\/types\/page"}],"author":[{"embeddable":true,"href":"https:\/\/www.lidar.com.br\/index.php?rest_route=\/wp\/v2\/users\/1"}],"replies":[{"embeddable":true,"href":"https:\/\/www.lidar.com.br\/index.php?rest_route=%2Fwp%2Fv2%2Fcomments&post=177"}],"version-history":[{"count":3,"href":"https:\/\/www.lidar.com.br\/index.php?rest_route=\/wp\/v2\/pages\/177\/revisions"}],"predecessor-version":[{"id":411,"href":"https:\/\/www.lidar.com.br\/index.php?rest_route=\/wp\/v2\/pages\/177\/revisions\/411"}],"up":[{"embeddable":true,"href":"https:\/\/www.lidar.com.br\/index.php?rest_route=\/wp\/v2\/pages\/156"}],"wp:attachment":[{"href":"https:\/\/www.lidar.com.br\/index.php?rest_route=%2Fwp%2Fv2%2Fmedia&parent=177"}],"curies":[{"name":"wp","href":"https:\/\/api.w.org\/{rel}","templated":true}]}}