{"id":156,"date":"2025-06-17T15:14:45","date_gmt":"2025-06-17T15:14:45","guid":{"rendered":"http:\/\/192.168.1.3:1080\/?page_id=156"},"modified":"2025-06-18T14:19:36","modified_gmt":"2025-06-18T14:19:36","slug":"tecnologia","status":"publish","type":"page","link":"https:\/\/www.lidar.com.br\/?page_id=156","title":{"rendered":"Tecnologia"},"content":{"rendered":"\n<p><\/p>\n\n\n\n<p><\/p>\n\n\n\n<p>Os sistemas LiDAR Aerotransportados surgiram comercialmente&nbsp;em meados da d\u00e9cada de 1990, como uma tecnologia capaz de fornecer um Perfilamento a LASER em 3D de um terreno em contraste&nbsp;aos dados de Sensoriamento Remoto planim\u00e9trico com apenas duas dimens\u00f5es.<\/p>\n\n\n\n<p>As coordenadas 3D (x, y, z) de um ponto resultante da de um levantamento LiDAR descrevem o perfil topogr\u00e1fico 3D da superf\u00edcie de um local, da cobertura vegetal e de&nbsp;objetos feitos pelo homem. A t\u00e9cnica de LiDAR aerotransportado foi, e ainda \u00e9, efetivamente usada para&nbsp;cria\u00e7\u00e3o de Modelo Digital de Eleva\u00e7\u00e3o (MDE), Modelo Digital de terreno (MDT) e Modelo Digital de Superf\u00edcie (MDS).<\/p>\n\n\n\n<p>Em 1999, o Professor Fritz Ackermann da Universidade de Stuttgart assinalou tr\u00eas caminhos para a tecnologia LiDAR: difus\u00e3o de outras aplica\u00e7\u00f5es al\u00e9m da modelagem de terreno, consolida\u00e7\u00e3o da t\u00e9cnica para obten\u00e7\u00e3o de modelos 3D e informa\u00e7\u00f5es adicionais sobre a superf\u00edcie terrestre. Ao longo dos anos de evolu\u00e7\u00e3o do LiDAR, estas proposi\u00e7\u00f5es do Prof. Ackermann foram bem comprovadas em ambientes acad\u00eamicos e industriais.<\/p>\n\n\n\n<p>Atualmente, a tecnologia LiDAR \u00e9 encontrada em sistemas aerotransportados, terrestre fixo e m\u00f3vel e mais recente, em plataforma RPA&nbsp; (Remote Piloted Aircraft). Cada tipo e plataforma de sistemas LiDAR possui as pr\u00f3prias aplica\u00e7\u00f5es, dependendo da miss\u00e3o, da qualidade e das possibilidades financeiras dos clientes ou usu\u00e1rios finais.<\/p>\n\n\n\n<p>Em uma das \u00faltimas pesquisas realizadas sobre o mercado do LiDAR em 2016, este mercado movimentava cerca de&nbsp;US $ 1,39 bilh\u00e3o. Estes estudos preveem&nbsp;que atinja US $ 3,22 bilh\u00f5es at\u00e9 2022, na taxa de crescimento anual&nbsp;de 12% ao ano.<\/p>\n\n\n\n<p>Fonte:&nbsp;&nbsp;2016 \u2013&nbsp;Markets and Markets. Em&nbsp;<a href=\"http:\/\/www.marketsandmarkets.com\/Market-Reports\/lidar-market-1261.html\">http:\/\/www.marketsandmarkets.com\/Market-Reports\/lidar-market-1261.html<\/a><\/p>\n","protected":false},"excerpt":{"rendered":"<p>Os sistemas LiDAR Aerotransportados surgiram comercialmente&nbsp;em meados da d\u00e9cada de 1990, como uma tecnologia capaz de fornecer um Perfilamento a LASER em 3D de um terreno em contraste&nbsp;aos dados de Sensoriamento Remoto planim\u00e9trico com apenas duas dimens\u00f5es. As coordenadas 3D (x, y, z) de um ponto resultante da de um levantamento LiDAR descrevem o perfil &hellip; <\/p>\n<p class=\"link-more\"><a href=\"https:\/\/www.lidar.com.br\/?page_id=156\" class=\"more-link\">Continue lendo<span class=\"screen-reader-text\"> &#8220;Tecnologia&#8221;<\/span><\/a><\/p>\n","protected":false},"author":1,"featured_media":0,"parent":0,"menu_order":0,"comment_status":"closed","ping_status":"closed","template":"","meta":{"saved_in_kubio":true,"_themeisle_gutenberg_block_has_review":false,"footnotes":""},"class_list":["post-156","page","type-page","status-publish","hentry"],"kubio_ai_page_context":{"short_desc":"","purpose":"general"},"_links":{"self":[{"href":"https:\/\/www.lidar.com.br\/index.php?rest_route=\/wp\/v2\/pages\/156","targetHints":{"allow":["GET"]}}],"collection":[{"href":"https:\/\/www.lidar.com.br\/index.php?rest_route=\/wp\/v2\/pages"}],"about":[{"href":"https:\/\/www.lidar.com.br\/index.php?rest_route=\/wp\/v2\/types\/page"}],"author":[{"embeddable":true,"href":"https:\/\/www.lidar.com.br\/index.php?rest_route=\/wp\/v2\/users\/1"}],"replies":[{"embeddable":true,"href":"https:\/\/www.lidar.com.br\/index.php?rest_route=%2Fwp%2Fv2%2Fcomments&post=156"}],"version-history":[{"count":2,"href":"https:\/\/www.lidar.com.br\/index.php?rest_route=\/wp\/v2\/pages\/156\/revisions"}],"predecessor-version":[{"id":159,"href":"https:\/\/www.lidar.com.br\/index.php?rest_route=\/wp\/v2\/pages\/156\/revisions\/159"}],"wp:attachment":[{"href":"https:\/\/www.lidar.com.br\/index.php?rest_route=%2Fwp%2Fv2%2Fmedia&parent=156"}],"curies":[{"name":"wp","href":"https:\/\/api.w.org\/{rel}","templated":true}]}}