{"id":10,"date":"2025-06-13T19:32:25","date_gmt":"2025-06-13T19:32:25","guid":{"rendered":"http:\/\/192.168.1.3:1080\/?page_id=10"},"modified":"2025-06-18T14:25:13","modified_gmt":"2025-06-18T14:25:13","slug":"pagina-inicial","status":"publish","type":"page","link":"https:\/\/www.lidar.com.br\/","title":{"rendered":"Sobre esse site"},"content":{"rendered":"\n<h2 class=\"wp-block-heading\">LiDAR &#8211; Perfilamento a Laser<\/h2>\n\n\n\n<p>Aqui voc\u00ea vai encontrar um vasto conte\u00fado sobre o que \u00e9 LiDAR, seus princ\u00edpios de funcionamento, evolu\u00e7\u00e3o, plataformas para levantamentos LiDAR, certifica\u00e7\u00e3o, formato LAS e fabricantes.<\/p>\n\n\n\n<p><\/p>\n\n\n\n<p><\/p>\n","protected":false},"excerpt":{"rendered":"<p>LiDAR &#8211; Perfilamento a Laser Aqui voc\u00ea vai encontrar um vasto conte\u00fado sobre o que \u00e9 LiDAR, seus princ\u00edpios de funcionamento, evolu\u00e7\u00e3o, plataformas para levantamentos LiDAR, certifica\u00e7\u00e3o, formato LAS e fabricantes.<\/p>\n","protected":false},"author":1,"featured_media":0,"parent":0,"menu_order":0,"comment_status":"closed","ping_status":"closed","template":"","meta":{"saved_in_kubio":true,"_themeisle_gutenberg_block_has_review":false,"footnotes":""},"class_list":["post-10","page","type-page","status-publish","hentry"],"kubio_ai_page_context":{"short_desc":"","purpose":"general"},"_links":{"self":[{"href":"https:\/\/www.lidar.com.br\/index.php?rest_route=\/wp\/v2\/pages\/10","targetHints":{"allow":["GET"]}}],"collection":[{"href":"https:\/\/www.lidar.com.br\/index.php?rest_route=\/wp\/v2\/pages"}],"about":[{"href":"https:\/\/www.lidar.com.br\/index.php?rest_route=\/wp\/v2\/types\/page"}],"author":[{"embeddable":true,"href":"https:\/\/www.lidar.com.br\/index.php?rest_route=\/wp\/v2\/users\/1"}],"replies":[{"embeddable":true,"href":"https:\/\/www.lidar.com.br\/index.php?rest_route=%2Fwp%2Fv2%2Fcomments&post=10"}],"version-history":[{"count":9,"href":"https:\/\/www.lidar.com.br\/index.php?rest_route=\/wp\/v2\/pages\/10\/revisions"}],"predecessor-version":[{"id":313,"href":"https:\/\/www.lidar.com.br\/index.php?rest_route=\/wp\/v2\/pages\/10\/revisions\/313"}],"wp:attachment":[{"href":"https:\/\/www.lidar.com.br\/index.php?rest_route=%2Fwp%2Fv2%2Fmedia&parent=10"}],"curies":[{"name":"wp","href":"https:\/\/api.w.org\/{rel}","templated":true}]}}